{"id":5700,"date":"2018-07-19T03:40:18","date_gmt":"2018-07-19T03:40:18","guid":{"rendered":"https:\/\/danubecare.uns.ac.rs\/ambition-2\/"},"modified":"2024-07-09T10:39:47","modified_gmt":"2024-07-09T10:39:47","slug":"ambition-2","status":"publish","type":"page","link":"https:\/\/danubecare.uns.ac.rs\/sr\/ambition-2\/","title":{"rendered":"Ambicija"},"content":{"rendered":"<div class=\"wpb-content-wrapper\"><p>[vc_row full_width=&#8220;stretch_row_content_no_spaces&#8220; background_image=&#8220;3491&#8243;][vc_column offset=&#8220;vc_col-lg-offset-2 vc_col-lg-8 vc_col-md-offset-2 vc_col-md-8&#8243;][tm_spacer size=&#8220;xs:100;sm:100;md:100;lg:150&#8243;][vc_column_text el_class=&#8220;white-txt&#8220;]<\/p>\n<h1 style=\"text-align: center;\"><strong>Ambicija<\/strong><\/h1>\n<p>[\/vc_column_text][tm_spacer size=&#8220;xs:30;sm:50;md:75;lg:100&#8243;][\/vc_column][\/vc_row][vc_row full_width=&#8220;stretch_row&#8220; equal_height=&#8220;yes&#8220; content_placement=&#8220;middle&#8220; custom_border_color=&#8220;#ffffff&#8220; gutter=&#8220;lg:20&#8243;][vc_column custom_border_color=&#8220;#ececec&#8220; background_color=&#8220;custom&#8220; offset=&#8220;vc_col-lg-6 vc_col-md-6&#8243; lg_spacing=&#8220;border_top:1;border_right:1;border_bottom:1;border_left:1;padding_top:35;padding_right:35;padding_bottom:35;padding_left:35&#8243; custom_background_color=&#8220;#ffffff&#8220; layer_index=&#8220;99&#8243; el_class=&#8220;margin-top&#8220;][vc_column_text]Projekat DANUBEcare bavi\u0107e se aktuelnim problemom \u2013 prisustvom invazivne vrste bodljobradog raka <em>F. limosus<\/em> u reci Dunav i njenim \u0161tetnim uticajem na autohtone vrste rakova i biodiverzitet, za koji jo\u0161 uvek nema sistemskog re\u0161enja. Ambicija projekta je da se na najjednostavniji i ekolo\u0161ki najprihvatljiviji na\u010din pomogne u re\u0161avanju problema izazvanog ovom vrstom, razvijanjem novih prehrambenih proizvoda i hrane za \u017eivotinje sa komercijalnim potencijalom, kao i kori\u0161\u0107enjem lju\u0161ture raka u skladu sa konceptom \u201cZERO WASTE\u201d<em>.<\/em>[\/vc_column_text][\/vc_column][vc_column background_color=&#8220;custom&#8220; offset=&#8220;vc_col-lg-6 vc_col-md-6&#8243; lg_spacing=&#8220;padding_top:40;padding_right:40;padding_bottom:40;padding_left:40&#8243; custom_background_color=&#8220;#11618f&#8220; layer_index=&#8220;99&#8243; el_class=&#8220;margin-top&#8220;][vc_row_inner content_placement=&#8220;middle&#8220;][vc_column_inner width=&#8220;1\/3&#8243; content_alignment=&#8220;center&#8220;][tm_image animation=&#8220;none&#8220; image=&#8220;3558&#8243;][\/vc_column_inner][vc_column_inner width=&#8220;2\/3&#8243;][vc_column_text el_class=&#8220;white-txt&#8220;]Smanjenje otpada i efikasna upotreba resursa su klju\u010dni za 12. cilj odr\u017eivog razvoja UN, koji se fokusira na odgovornu proizvodnju i potro\u0161nju.[\/vc_column_text][\/vc_column_inner][\/vc_row_inner][\/vc_column][\/vc_row][vc_row][vc_column][tm_spacer size=&#8220;xs:30;sm:50;lg:100&#8243;][\/vc_column][\/vc_row][vc_row][vc_column offset=&#8220;vc_col-lg-offset-1 vc_col-lg-10 vc_col-md-offset-1 vc_col-md-10&#8243;][vc_column_text]Projektne aktivnosti se fokusiraju na saradnju sa relevantnim industrijskim sektorima i pronala\u017eenje ekonomski isplativih na\u010dina upotrebe mesa i lju\u0161ture bodljobradog raka, koji doprinose razvoju ekolo\u0161kog koncepta u okviru cirkularne ekonomije. Ovo najnovije istra\u017eivanje bi moglo biti primenljivo i na druge invazivne vrste.<\/p>\n<p>Multidisciplinarni pristup ovom problemu doprine\u0107e unapre\u0111enju odr\u017eivosti koja nastoji da pove\u017ee gra\u0111ansku nauku i nauku o \u017eivotnoj sredini sa tehnologijom budu\u0107nosti. Stoga \u0107e se kroz ovaj projekat podi\u0107i svest o izazovima koje predstavljaju invazivne vrste i edukovati razli\u010dite ciljne grupe, uklju\u010duju\u0107i nau\u010dnu zajednicu, industriju, kreatore politike i \u0161iru javnost, o mogu\u0107im posledicama njihove prenaseljenosti. Ovakvo nastojanje je klju\u010dni korak ka postizanju trajnog i sistemskog re\u0161enja.[\/vc_column_text][tm_spacer size=&#8220;xs:25;sm:50;lg:100&#8243;][\/vc_column][\/vc_row][vc_row disable_element=&#8220;yes&#8220; hide_background_image=&#8220;sm&#8220; background_size=&#8220;auto&#8220; background_image=&#8220;3565&#8243; background_position=&#8220;right bottom&#8220;][vc_column offset=&#8220;vc_col-lg-offset-1 vc_col-lg-2 vc_col-md-offset-1 vc_col-md-2&#8243;][tm_image align=&#8220;center&#8220; image=&#8220;3268&#8243;][\/vc_column][vc_column offset=&#8220;vc_col-lg-7 vc_col-md-7&#8243;][tm_heading tag=&#8220;h2&#8243; custom_google_font=&#8220;&#8220; google_fonts=&#8220;font_family:Poppins%3A300%2Cregular%2C500%2C600%2C700|font_style:700%20bold%20regular%3A700%3Anormal&#8220; font_weight=&#8220;800&#8243; text_color=&#8220;custom&#8220; custom_text_color=&#8220;#11618f&#8220; animation=&#8220;none&#8220; text=&#8220;Zero-Waste Biodiversity Solution&#8220; font_size=&#8220;lg:36&#8243; letter_spacing=&#8220;0&#8243; line_height=&#8220;1&#8243;][tm_spacer size=&#8220;lg:25&#8243;][vc_column_text]\u041d\u0430\u0448\u0430 \u043f\u043e\u043a\u0440\u0435\u0442\u0430\u0447\u043a\u0430 \u0430\u043c\u0431\u0438\u0446\u0438\u0458\u0430 \u0458\u0435 \u0434\u0430 \u043f\u043e\u043c\u043e\u0433\u043d\u0435\u043c\u043e \u0443 \u0440\u0435\u0448\u0430\u0432\u0430\u045a\u0443 \u043f\u0440\u043e\u0431\u043b\u0435\u043c\u0430 \u0438\u0437\u0430\u0437\u0432\u0430\u043d\u043e\u0433 <em>\u0424. \u043b\u0438\u043c\u043e\u0441\u0443\u0441\u043e\u043c<\/em> \u043d\u0430 \u043d\u0430\u0458\u0458\u0435\u0434\u043d\u043e\u0441\u0442\u0430\u0432\u043d\u0438\u0458\u0438 \u0438 \u0435\u043a\u043e\u043b\u043e\u0448\u043a\u0438 \u043d\u0430\u0458\u043f\u0440\u0438\u0445\u0432\u0430\u0442\u0459\u0438\u0432\u0438\u0458\u0438 \u043d\u0430\u0447\u0438\u043d \u0441\u0442\u0432\u0430\u0440\u0430\u045a\u0435\u043c \u043d\u043e\u0432\u0438\u0445 \u043f\u0440\u043e\u0438\u0437\u0432\u043e\u0434\u0430 \u0437\u0430 \u0445\u0440\u0430\u043d\u0443 \u0438 \u0441\u0442\u043e\u0447\u043d\u0443 \u0445\u0440\u0430\u043d\u0443 \u0441\u0430 \u043a\u043e\u043c\u0435\u0440\u0446\u0438\u0458\u0430\u043b\u043d\u0438\u043c \u043f\u043e\u0442\u0435\u043d\u0446\u0438\u0458\u0430\u043b\u043e\u043c, \u0438 \u043a\u043e\u0440\u0438\u0448\u045b\u0435\u045a\u0435\u043c \u0448\u043a\u043e\u0459\u043a\u0438 \u0443 \u0441\u043a\u043b\u0430\u0434\u0443 \u0441\u0430 \u043a\u043e\u043d\u0446\u0435\u043f\u0442\u043e\u043c \u0417\u0415\u0420\u041e \u0412\u0410\u0421\u0422\u0415. \u041f\u0440\u043e\u0458\u0435\u043a\u0442\u043d\u0435 \u0430\u043a\u0442\u0438\u0432\u043d\u043e\u0441\u0442\u0438 \u0441\u0435 \u0444\u043e\u043a\u0443\u0441\u0438\u0440\u0430\u0458\u0443 \u043d\u0430 \u0441\u0430\u0440\u0430\u0434\u045a\u0443 \u0441\u0430 \u0440\u0435\u043b\u0435\u0432\u0430\u043d\u0442\u043d\u0438\u043c \u0438\u043d\u0434\u0443\u0441\u0442\u0440\u0438\u0458\u0430\u043c\u0430 \u043d\u0430 \u043f\u0440\u043e\u043d\u0430\u043b\u0430\u0436\u0435\u045a\u0443 \u0435\u043a\u043e\u043d\u043e\u043c\u0441\u043a\u0438 \u0438\u0441\u043f\u043b\u0430\u0442\u0438\u0432\u0438\u0445 \u043d\u0430\u0447\u0438\u043d\u0430 \u043a\u043e\u0440\u0438\u0448\u045b\u0435\u045a\u0430 \u043c\u0435\u0441\u0430 \u0438 \u0448\u043a\u043e\u0459\u043a\u0438, \u043a\u043e\u0458\u0438 \u0434\u043e\u043f\u0440\u0438\u043d\u043e\u0441\u0435 \u0440\u0430\u0437\u0432\u043e\u0458\u0443 \u0435\u043a\u043e\u043b\u043e\u0448\u043a\u043e\u0433 \u043a\u043e\u043d\u0446\u0435\u043f\u0442\u0430 \u0443 \u043e\u043a\u0432\u0438\u0440\u0443 \u0446\u0438\u0440\u043a\u0443\u043b\u0430\u0440\u043d\u0435 \u0435\u043a\u043e\u043d\u043e\u043c\u0438\u0458\u0435. \u041e\u0432\u043e \u043d\u0430\u0458\u0441\u0430\u0432\u0440\u0435\u043c\u0435\u043d\u0438\u0458\u0435 \u0438\u0441\u0442\u0440\u0430\u0436\u0438\u0432\u0430\u045a\u0435 \u0431\u0438 \u043c\u043e\u0433\u043b\u043e \u0431\u0438\u0442\u0438 \u043f\u0440\u0438\u043c\u0435\u043d\u0459\u0438\u0432\u043e \u0438 \u043d\u0430 \u0434\u0440\u0443\u0433\u0435 \u0438\u043d\u0432\u0430\u0437\u0438\u0432\u043d\u0435 \u0432\u0430\u043d\u0437\u0435\u043c\u0430\u0459\u0441\u043a\u0435 \u0432\u0440\u0441\u0442\u0435.[\/vc_column_text][tm_spacer size=&#8220;lg:25&#8243;][tm_spacer size=&#8220;xs:30;lg:50&#8243;][\/vc_column][\/vc_row][vc_row][vc_column][\/vc_column][\/vc_row][vc_row][vc_column][tm_image align=&#8220;center&#8220; image=&#8220;6260&#8243;][tm_spacer size=&#8220;lg:32&#8243;][\/vc_column][\/vc_row]<\/p>\n<\/div>","protected":false},"excerpt":{"rendered":"<p>[vc_row full_width=&#8220;stretch_row_content_no_spaces&#8220; background_image=&#8220;3491&#8243;][vc_column offset=&#8220;vc_col-lg-offset-2 vc_col-lg-8 vc_col-md-offset-2 vc_col-md-8&#8243;][tm_spacer size=&#8220;xs:100;sm:100;md:100;lg:150&#8243;][vc_column_text el_class=&#8220;white-txt&#8220;] Ambicija [\/vc_column_text][tm_spacer size=&#8220;xs:30;sm:50;md:75;lg:100&#8243;][\/vc_column][\/vc_row][vc_row full_width=&#8220;stretch_row&#8220; equal_height=&#8220;yes&#8220; content_placement=&#8220;middle&#8220; custom_border_color=&#8220;#ffffff&#8220; gutter=&#8220;lg:20&#8243;][vc_column custom_border_color=&#8220;#ececec&#8220; background_color=&#8220;custom&#8220; offset=&#8220;vc_col-lg-6 vc_col-md-6&#8243; lg_spacing=&#8220;border_top:1;border_right:1;border_bottom:1;border_left:1;padding_top:35;padding_right:35;padding_bottom:35;padding_left:35&#8243; custom_background_color=&#8220;#ffffff&#8220; layer_index=&#8220;99&#8243; el_class=&#8220;margin-top&#8220;][vc_column_text]Projekat DANUBEcare bavi\u0107e se aktuelnim problemom \u2013 prisustvom invazivne vrste bodljobradog raka F. limosus u reci Dunav i njenim \u0161tetnim uticajem na autohtone vrste rakova i biodiverzitet, za koji jo\u0161 uvek nema sistemskog re\u0161enja. Ambicija projekta je da se na najjednostavniji i ekolo\u0161ki najprihvatljiviji na\u010din pomogne u re\u0161avanju problema izazvanog ovom vrstom, razvijanjem novih prehrambenih proizvoda i hrane za \u017eivotinje sa komercijalnim potencijalom, kao i kori\u0161\u0107enjem lju\u0161ture raka u skladu sa konceptom \u201cZERO WASTE\u201d.[\/vc_column_text][\/vc_column][vc_column background_color=&#8220;custom&#8220; offset=&#8220;vc_col-lg-6 vc_col-md-6&#8243; lg_spacing=&#8220;padding_top:40;padding_right:40;padding_bottom:40;padding_left:40&#8243; custom_background_color=&#8220;#11618f&#8220; layer_index=&#8220;99&#8243; el_class=&#8220;margin-top&#8220;][vc_row_inner content_placement=&#8220;middle&#8220;][vc_column_inner width=&#8220;1\/3&#8243; content_alignment=&#8220;center&#8220;][tm_image animation=&#8220;none&#8220; image=&#8220;3558&#8243;][\/vc_column_inner][vc_column_inner width=&#8220;2\/3&#8243;][vc_column_text el_class=&#8220;white-txt&#8220;]Smanjenje otpada i efikasna upotreba resursa su klju\u010dni za 12. cilj odr\u017eivog razvoja UN, koji se fokusira na odgovornu proizvodnju i potro\u0161nju.[\/vc_column_text][\/vc_column_inner][\/vc_row_inner][\/vc_column][\/vc_row][vc_row][vc_column][tm_spacer size=&#8220;xs:30;sm:50;lg:100&#8243;][\/vc_column][\/vc_row][vc_row][vc_column offset=&#8220;vc_col-lg-offset-1 vc_col-lg-10 vc_col-md-offset-1 vc_col-md-10&#8243;][vc_column_text]Projektne aktivnosti se fokusiraju na saradnju sa relevantnim industrijskim sektorima i pronala\u017eenje ekonomski isplativih na\u010dina upotrebe mesa i lju\u0161ture bodljobradog raka, koji doprinose razvoju ekolo\u0161kog koncepta u okviru cirkularne ekonomije. Ovo najnovije istra\u017eivanje bi moglo biti primenljivo i na druge invazivne vrste. Multidisciplinarni pristup ovom problemu doprine\u0107e unapre\u0111enju odr\u017eivosti koja nastoji da pove\u017ee gra\u0111ansku nauku i nauku o \u017eivotnoj sredini sa tehnologijom budu\u0107nosti. Stoga \u0107e se kroz ovaj projekat podi\u0107i svest o izazovima koje predstavljaju invazivne vrste i edukovati razli\u010dite ciljne grupe, uklju\u010duju\u0107i nau\u010dnu zajednicu, industriju, kreatore politike i \u0161iru javnost, o mogu\u0107im posledicama njihove prenaseljenosti. Ovakvo nastojanje je klju\u010dni korak ka postizanju trajnog i sistemskog re\u0161enja.[\/vc_column_text][tm_spacer size=&#8220;xs:25;sm:50;lg:100&#8243;][\/vc_column][\/vc_row][vc_row disable_element=&#8220;yes&#8220; hide_background_image=&#8220;sm&#8220; background_size=&#8220;auto&#8220; background_image=&#8220;3565&#8243; background_position=&#8220;right bottom&#8220;][vc_column offset=&#8220;vc_col-lg-offset-1 vc_col-lg-2 vc_col-md-offset-1 vc_col-md-2&#8243;][tm_image align=&#8220;center&#8220; image=&#8220;3268&#8243;][\/vc_column][vc_column offset=&#8220;vc_col-lg-7 vc_col-md-7&#8243;][tm_heading tag=&#8220;h2&#8243; custom_google_font=&#8220;&#8220; google_fonts=&#8220;font_family:Poppins%3A300%2Cregular%2C500%2C600%2C700|font_style:700%20bold%20regular%3A700%3Anormal&#8220; font_weight=&#8220;800&#8243; text_color=&#8220;custom&#8220; custom_text_color=&#8220;#11618f&#8220; animation=&#8220;none&#8220; text=&#8220;Zero-Waste Biodiversity Solution&#8220; font_size=&#8220;lg:36&#8243; letter_spacing=&#8220;0&#8243; line_height=&#8220;1&#8243;][tm_spacer size=&#8220;lg:25&#8243;][vc_column_text]\u041d\u0430\u0448\u0430 \u043f\u043e\u043a\u0440\u0435\u0442\u0430\u0447\u043a\u0430 \u0430\u043c\u0431\u0438\u0446\u0438\u0458\u0430 \u0458\u0435 \u0434\u0430 \u043f\u043e\u043c\u043e\u0433\u043d\u0435\u043c\u043e \u0443 \u0440\u0435\u0448\u0430\u0432\u0430\u045a\u0443 \u043f\u0440\u043e\u0431\u043b\u0435\u043c\u0430 \u0438\u0437\u0430\u0437\u0432\u0430\u043d\u043e\u0433 \u0424. \u043b\u0438\u043c\u043e\u0441\u0443\u0441\u043e\u043c \u043d\u0430 \u043d\u0430\u0458\u0458\u0435\u0434\u043d\u043e\u0441\u0442\u0430\u0432\u043d\u0438\u0458\u0438 \u0438 \u0435\u043a\u043e\u043b\u043e\u0448\u043a\u0438 \u043d\u0430\u0458\u043f\u0440\u0438\u0445\u0432\u0430\u0442\u0459\u0438\u0432\u0438\u0458\u0438 \u043d\u0430\u0447\u0438\u043d \u0441\u0442\u0432\u0430\u0440\u0430\u045a\u0435\u043c \u043d\u043e\u0432\u0438\u0445 \u043f\u0440\u043e\u0438\u0437\u0432\u043e\u0434\u0430 \u0437\u0430 \u0445\u0440\u0430\u043d\u0443 \u0438 \u0441\u0442\u043e\u0447\u043d\u0443 \u0445\u0440\u0430\u043d\u0443 \u0441\u0430 \u043a\u043e\u043c\u0435\u0440\u0446\u0438\u0458\u0430\u043b\u043d\u0438\u043c \u043f\u043e\u0442\u0435\u043d\u0446\u0438\u0458\u0430\u043b\u043e\u043c, \u0438 \u043a\u043e\u0440\u0438\u0448\u045b\u0435\u045a\u0435\u043c \u0448\u043a\u043e\u0459\u043a\u0438 \u0443 \u0441\u043a\u043b\u0430\u0434\u0443 \u0441\u0430 \u043a\u043e\u043d\u0446\u0435\u043f\u0442\u043e\u043c \u0417\u0415\u0420\u041e \u0412\u0410\u0421\u0422\u0415. \u041f\u0440\u043e\u0458\u0435\u043a\u0442\u043d\u0435 \u0430\u043a\u0442\u0438\u0432\u043d\u043e\u0441\u0442\u0438 \u0441\u0435 \u0444\u043e\u043a\u0443\u0441\u0438\u0440\u0430\u0458\u0443 \u043d\u0430 \u0441\u0430\u0440\u0430\u0434\u045a\u0443 \u0441\u0430 \u0440\u0435\u043b\u0435\u0432\u0430\u043d\u0442\u043d\u0438\u043c \u0438\u043d\u0434\u0443\u0441\u0442\u0440\u0438\u0458\u0430\u043c\u0430 \u043d\u0430 \u043f\u0440\u043e\u043d\u0430\u043b\u0430\u0436\u0435\u045a\u0443 \u0435\u043a\u043e\u043d\u043e\u043c\u0441\u043a\u0438 \u0438\u0441\u043f\u043b\u0430\u0442\u0438\u0432\u0438\u0445 \u043d\u0430\u0447\u0438\u043d\u0430 \u043a\u043e\u0440\u0438\u0448\u045b\u0435\u045a\u0430 \u043c\u0435\u0441\u0430 \u0438 \u0448\u043a\u043e\u0459\u043a\u0438, \u043a\u043e\u0458\u0438 \u0434\u043e\u043f\u0440\u0438\u043d\u043e\u0441\u0435 \u0440\u0430\u0437\u0432\u043e\u0458\u0443 \u0435\u043a\u043e\u043b\u043e\u0448\u043a\u043e\u0433 \u043a\u043e\u043d\u0446\u0435\u043f\u0442\u0430 \u0443 \u043e\u043a\u0432\u0438\u0440\u0443 \u0446\u0438\u0440\u043a\u0443\u043b\u0430\u0440\u043d\u0435 \u0435\u043a\u043e\u043d\u043e\u043c\u0438\u0458\u0435. \u041e\u0432\u043e \u043d\u0430\u0458\u0441\u0430\u0432\u0440\u0435\u043c\u0435\u043d\u0438\u0458\u0435 \u0438\u0441\u0442\u0440\u0430\u0436\u0438\u0432\u0430\u045a\u0435 \u0431\u0438 \u043c\u043e\u0433\u043b\u043e \u0431\u0438\u0442\u0438 \u043f\u0440\u0438\u043c\u0435\u043d\u0459\u0438\u0432\u043e \u0438 \u043d\u0430 \u0434\u0440\u0443\u0433\u0435 \u0438\u043d\u0432\u0430\u0437\u0438\u0432\u043d\u0435 \u0432\u0430\u043d\u0437\u0435\u043c\u0430\u0459\u0441\u043a\u0435 \u0432\u0440\u0441\u0442\u0435.[\/vc_column_text][tm_spacer size=&#8220;lg:25&#8243;][tm_spacer size=&#8220;xs:30;lg:50&#8243;][\/vc_column][\/vc_row][vc_row][vc_column][\/vc_column][\/vc_row][vc_row][vc_column][tm_image align=&#8220;center&#8220; image=&#8220;6260&#8243;][tm_spacer size=&#8220;lg:32&#8243;][\/vc_column][\/vc_row]<\/p>\n","protected":false},"author":1,"featured_media":0,"parent":0,"menu_order":0,"comment_status":"closed","ping_status":"closed","template":"","meta":{"_acf_changed":false,"inline_featured_image":false,"footnotes":""},"class_list":["post-5700","page","type-page","status-publish","hentry"],"acf":[],"_links":{"self":[{"href":"https:\/\/danubecare.uns.ac.rs\/sr\/wp-json\/wp\/v2\/pages\/5700","targetHints":{"allow":["GET"]}}],"collection":[{"href":"https:\/\/danubecare.uns.ac.rs\/sr\/wp-json\/wp\/v2\/pages"}],"about":[{"href":"https:\/\/danubecare.uns.ac.rs\/sr\/wp-json\/wp\/v2\/types\/page"}],"author":[{"embeddable":true,"href":"https:\/\/danubecare.uns.ac.rs\/sr\/wp-json\/wp\/v2\/users\/1"}],"replies":[{"embeddable":true,"href":"https:\/\/danubecare.uns.ac.rs\/sr\/wp-json\/wp\/v2\/comments?post=5700"}],"version-history":[{"count":17,"href":"https:\/\/danubecare.uns.ac.rs\/sr\/wp-json\/wp\/v2\/pages\/5700\/revisions"}],"predecessor-version":[{"id":6264,"href":"https:\/\/danubecare.uns.ac.rs\/sr\/wp-json\/wp\/v2\/pages\/5700\/revisions\/6264"}],"wp:attachment":[{"href":"https:\/\/danubecare.uns.ac.rs\/sr\/wp-json\/wp\/v2\/media?parent=5700"}],"curies":[{"name":"wp","href":"https:\/\/api.w.org\/{rel}","templated":true}]}}