{"id":5702,"date":"2018-07-19T03:40:18","date_gmt":"2018-07-19T03:40:18","guid":{"rendered":"https:\/\/danubecare.uns.ac.rs\/problem\/"},"modified":"2024-07-08T09:48:23","modified_gmt":"2024-07-08T09:48:23","slug":"problem","status":"publish","type":"page","link":"https:\/\/danubecare.uns.ac.rs\/sr\/problem\/","title":{"rendered":"Problem"},"content":{"rendered":"<div class=\"wpb-content-wrapper\"><p>[vc_row full_width=&#8220;stretch_row_content_no_spaces&#8220; background_image=&#8220;3422&#8243;][vc_column offset=&#8220;vc_col-lg-offset-2 vc_col-lg-8 vc_col-md-offset-2 vc_col-md-8&#8243;][tm_spacer size=&#8220;xs:100;sm:100;md:100;lg:150&#8243;][vc_column_text el_class=&#8220;white-txt&#8220;]<\/p>\n<h1 style=\"text-align: center;\"><strong>Problem<\/strong><\/h1>\n<p>[\/vc_column_text][tm_spacer size=&#8220;xs:30;sm:50;md:75;lg:100&#8243;][\/vc_column][\/vc_row][vc_row full_width=&#8220;stretch_row&#8220; equal_height=&#8220;yes&#8220; content_placement=&#8220;middle&#8220; custom_border_color=&#8220;#ffffff&#8220; gutter=&#8220;lg:20&#8243;][vc_column custom_border_color=&#8220;#ececec&#8220; background_color=&#8220;custom&#8220; offset=&#8220;vc_col-lg-6 vc_col-md-6&#8243; lg_spacing=&#8220;border_top:1;border_right:1;border_bottom:1;border_left:1;padding_top:35;padding_right:35;padding_bottom:35;padding_left:35&#8243; custom_background_color=&#8220;#ffffff&#8220; layer_index=&#8220;99&#8243; el_class=&#8220;margin-top&#8220;][vc_column_text]Bodljobradi rak <em>F. limosus<\/em> (Rafineskue, 1817), ranije <em>Orconectes limosus<\/em>, je autohtona vrsta u isto\u010dnom delu Severne Amerike.[\/vc_column_text][\/vc_column][vc_column background_color=&#8220;custom&#8220; offset=&#8220;vc_col-lg-6 vc_col-md-6&#8243; lg_spacing=&#8220;padding_top:40;padding_right:40;padding_bottom:40;padding_left:40&#8243; custom_background_color=&#8220;#11618f&#8220; layer_index=&#8220;99&#8243; el_class=&#8220;margin-top&#8220;][vc_row_inner content_placement=&#8220;middle&#8220;][vc_column_inner width=&#8220;1\/3&#8243; content_alignment=&#8220;center&#8220; offset=&#8220;vc_col-lg-4 vc_col-md-6&#8243;][vc_column_text el_class=&#8220;bebas-neue&#8220;]<\/p>\n<h2 style=\"text-align: center; font-size: 85px;\">20+<\/h2>\n<p>[\/vc_column_text][tm_spacer size=&#8220;xs:5&#8243;][vc_column_text el_class=&#8220;white-txt&#8220; css=&#8220;.vc_custom_1720095480702{padding-left: 10px !important;}&#8220;]<\/p>\n<p style=\"text-align: center;\">Dr\u017eava<\/p>\n<p>[\/vc_column_text][tm_spacer size=&#8220;xs:20&#8243;][\/vc_column_inner][vc_column_inner width=&#8220;2\/3&#8243; offset=&#8220;vc_col-lg-8 vc_col-md-6&#8243;][vc_column_text el_class=&#8220;white-txt&#8220;]<em>F. limosus<\/em> je u Evropu introdukovan pre vi\u0161e od jednog veka, a u poslednje dve decenije prisustvo ove vrste je potvr\u0111eno u vi\u0161e od 20 evropskih zemalja.[\/vc_column_text][\/vc_column_inner][\/vc_row_inner][\/vc_column][\/vc_row][vc_row][vc_column][tm_spacer size=&#8220;xs:20;sm:20;md:75;lg:75&#8243;][\/vc_column][\/vc_row][vc_row][vc_column width=&#8220;1\/6&#8243;][\/vc_column][vc_column width=&#8220;2\/3&#8243;][vc_column_text]Inicijalna ekspanzija ove vrste na Evropskom kontinentu nastala je kao rezultat ljudske aktivnosti<em>. <\/em> U Evropi je prvi put introdukovan 1890. godine, u Poljskoj za potrebe akvakulture kako bi nadomestio nedostatak lokalnog autohtonog raka <em>Astacus astacus<\/em> koji je u to vreme do\u017eivljavao ozbiljnu redukciju. Kasnije je uveden u nekoliko evropskih dr\u017eava iz istog razloga (Nema\u010dka, Francuska, Ma\u0111arska, Austrija).[\/vc_column_text][tm_spacer size=&#8220;xs:20;sm:20;md:75;lg:75&#8243;][\/vc_column][vc_column width=&#8220;1\/6&#8243;][\/vc_column][\/vc_row][vc_section hide_background_image=&#8220;xs&#8220; background_size=&#8220;auto&#8220; background_image=&#8220;3466&#8243; background_position=&#8220;left bottom&#8220;][vc_row][vc_column offset=&#8220;vc_col-lg-offset-5 vc_col-lg-6 vc_col-md-offset-5 vc_col-md-6&#8243;][vc_column_text]Bodljobradi rak se smatra jednom od najinvazivnijih vrsta u slatkovodnim ekosistemima Evrope i nalazi se na listi invazivnih vrsta koje izazivaju zabrinutost u EU. Prvi nalaz ove vrste u Srbiji je evidentiran u Dunavu kod Apatina 2002. godine. Danas se ova vrsta nastanila du\u017e celog toka Dunava i njegovih pritoka. Uzimaju\u0107i u obzir dostupne podatke i visoku stopu rasprostranjenosti, mo\u017ee se pretpostaviti da je njen invazivni opseg u Srbiji \u0161iri nego \u0161to je dokumentovano, sa tendencijom visokog stepena ekspanzije u budu\u0107nosti.[\/vc_column_text][tm_spacer size=&#8220;xs:30;sm:30&#8243;][\/vc_column][\/vc_row][vc_row][vc_column offset=&#8220;vc_col-lg-offset-1 vc_col-lg-10 vc_col-md-offset-1 vc_col-md-10&#8243; lg_spacing=&#8220;margin_top:-250&#8243; md_spacing=&#8220;margin_top:0&#8243;][tm_image animation=&#8220;none&#8220; image=&#8220;5843&#8243;][\/vc_column][\/vc_row][\/vc_section][vc_row][vc_column][tm_spacer size=&#8220;xs:30;sm:50;lg:100&#8243;][\/vc_column][\/vc_row][vc_row content_placement=&#8220;middle&#8220;][vc_column offset=&#8220;vc_col-lg-offset-1 vc_col-lg-5 vc_col-md-offset-1 vc_col-md-5&#8243;][tm_image align=&#8220;center&#8220; animation=&#8220;none&#8220; image=&#8220;3461&#8243;][\/vc_column][vc_column offset=&#8220;vc_col-lg-5 vc_col-md-5&#8243;][tm_heading tag=&#8220;h2&#8243; custom_google_font=&#8220;&#8220; google_fonts=&#8220;font_family:Poppins%3A300%2Cregular%2C500%2C600%2C700|font_style:700%20bold%20regular%3A700%3Anormal&#8220; font_weight=&#8220;800&#8243; text_color=&#8220;custom&#8220; custom_text_color=&#8220;#11618f&#8220; animation=&#8220;none&#8220; text=&#8220;Negativni uticaj&#8220; font_size=&#8220;lg:36&#8243; letter_spacing=&#8220;0&#8243; line_height=&#8220;1&#8243;][tm_spacer size=&#8220;lg:25&#8243;][vc_column_text]Bodljobradi rak je sva\u0161tojeda vrsta, buduc\u0301i da je u stanju da dostigne veliku gustinu, mo\u017ee uticati na domac\u0301e makrobeski\u010dmenjake i makrofite, \u0161to mo\u017ee imati negativne posledice po biodiverzitet<em>. <\/em> Karakteri\u0161u ga velika brzina \u0161irenja, sposobnost kretanja po zemlji\u0161tu, brzo sazrevanje, kratak \u017eivotni vek, visoka plodnost, dva perioda parenja, \u0161to olak\u0161ava brz rast populacije, daju\u0107i mu visok invazivni potencijal.[\/vc_column_text][tm_spacer size=&#8220;lg:25&#8243;][tm_button align=&#8220;right&#8220; animation=&#8220;none&#8220; el_class=&#8220;negative-impact&#8220; color=&#8220;custom&#8220; button_bg_color=&#8220;primary&#8220; font_color=&#8220;custom&#8220; button_border_color=&#8220;primary&#8220; button_icon_color=&#8220;&#8220; button_bg_color_hover=&#8220;secondary&#8220; font_color_hover=&#8220;&#8220; button_border_color_hover=&#8220;secondary&#8220; button_icon_color_hover=&#8220;&#8220; button=&#8220;title:Pro%C4%8Ditaj%20vi%C5%A1e&#8220; rounded=&#8220;30px&#8220; custom_font_color=&#8220;#ffffff&#8220; text_font_size=&#8220;lg:16&#8243;][\/vc_column][\/vc_row]<\/p>\n<\/div>","protected":false},"excerpt":{"rendered":"<p>[vc_row full_width=&#8220;stretch_row_content_no_spaces&#8220; background_image=&#8220;3422&#8243;][vc_column offset=&#8220;vc_col-lg-offset-2 vc_col-lg-8 vc_col-md-offset-2 vc_col-md-8&#8243;][tm_spacer size=&#8220;xs:100;sm:100;md:100;lg:150&#8243;][vc_column_text el_class=&#8220;white-txt&#8220;] Problem [\/vc_column_text][tm_spacer size=&#8220;xs:30;sm:50;md:75;lg:100&#8243;][\/vc_column][\/vc_row][vc_row full_width=&#8220;stretch_row&#8220; equal_height=&#8220;yes&#8220; content_placement=&#8220;middle&#8220; custom_border_color=&#8220;#ffffff&#8220; gutter=&#8220;lg:20&#8243;][vc_column custom_border_color=&#8220;#ececec&#8220; background_color=&#8220;custom&#8220; offset=&#8220;vc_col-lg-6 vc_col-md-6&#8243; lg_spacing=&#8220;border_top:1;border_right:1;border_bottom:1;border_left:1;padding_top:35;padding_right:35;padding_bottom:35;padding_left:35&#8243; custom_background_color=&#8220;#ffffff&#8220; layer_index=&#8220;99&#8243; el_class=&#8220;margin-top&#8220;][vc_column_text]Bodljobradi rak F. limosus (Rafineskue, 1817), ranije Orconectes limosus, je autohtona vrsta u isto\u010dnom delu Severne Amerike.[\/vc_column_text][\/vc_column][vc_column background_color=&#8220;custom&#8220; offset=&#8220;vc_col-lg-6 vc_col-md-6&#8243; lg_spacing=&#8220;padding_top:40;padding_right:40;padding_bottom:40;padding_left:40&#8243; custom_background_color=&#8220;#11618f&#8220; layer_index=&#8220;99&#8243; el_class=&#8220;margin-top&#8220;][vc_row_inner content_placement=&#8220;middle&#8220;][vc_column_inner width=&#8220;1\/3&#8243; content_alignment=&#8220;center&#8220; offset=&#8220;vc_col-lg-4 vc_col-md-6&#8243;][vc_column_text el_class=&#8220;bebas-neue&#8220;] 20+ [\/vc_column_text][tm_spacer size=&#8220;xs:5&#8243;][vc_column_text el_class=&#8220;white-txt&#8220; css=&#8220;.vc_custom_1720095480702{padding-left: 10px !important;}&#8220;] Dr\u017eava [\/vc_column_text][tm_spacer size=&#8220;xs:20&#8243;][\/vc_column_inner][vc_column_inner width=&#8220;2\/3&#8243; offset=&#8220;vc_col-lg-8 vc_col-md-6&#8243;][vc_column_text el_class=&#8220;white-txt&#8220;]F. limosus je u Evropu introdukovan pre vi\u0161e od jednog veka, a u poslednje dve decenije prisustvo ove vrste je potvr\u0111eno u vi\u0161e od 20 evropskih zemalja.[\/vc_column_text][\/vc_column_inner][\/vc_row_inner][\/vc_column][\/vc_row][vc_row][vc_column][tm_spacer size=&#8220;xs:20;sm:20;md:75;lg:75&#8243;][\/vc_column][\/vc_row][vc_row][vc_column width=&#8220;1\/6&#8243;][\/vc_column][vc_column width=&#8220;2\/3&#8243;][vc_column_text]Inicijalna ekspanzija ove vrste na Evropskom kontinentu nastala je kao rezultat ljudske aktivnosti. U Evropi je prvi put introdukovan 1890. godine, u Poljskoj za potrebe akvakulture kako bi nadomestio nedostatak lokalnog autohtonog raka Astacus astacus koji je u to vreme do\u017eivljavao ozbiljnu redukciju. Kasnije je uveden u nekoliko evropskih dr\u017eava iz istog razloga (Nema\u010dka, Francuska, Ma\u0111arska, Austrija).[\/vc_column_text][tm_spacer size=&#8220;xs:20;sm:20;md:75;lg:75&#8243;][\/vc_column][vc_column width=&#8220;1\/6&#8243;][\/vc_column][\/vc_row][vc_section hide_background_image=&#8220;xs&#8220; background_size=&#8220;auto&#8220; background_image=&#8220;3466&#8243; background_position=&#8220;left bottom&#8220;][vc_row][vc_column offset=&#8220;vc_col-lg-offset-5 vc_col-lg-6 vc_col-md-offset-5 vc_col-md-6&#8243;][vc_column_text]Bodljobradi rak se smatra jednom od najinvazivnijih vrsta u slatkovodnim ekosistemima Evrope i nalazi se na listi invazivnih vrsta koje izazivaju zabrinutost u EU. Prvi nalaz ove vrste u Srbiji je evidentiran u Dunavu kod Apatina 2002. godine. Danas se ova vrsta nastanila du\u017e celog toka Dunava i njegovih pritoka. Uzimaju\u0107i u obzir dostupne podatke i visoku stopu rasprostranjenosti, mo\u017ee se pretpostaviti da je njen invazivni opseg u Srbiji \u0161iri nego \u0161to je dokumentovano, sa tendencijom visokog stepena ekspanzije u budu\u0107nosti.[\/vc_column_text][tm_spacer size=&#8220;xs:30;sm:30&#8243;][\/vc_column][\/vc_row][vc_row][vc_column offset=&#8220;vc_col-lg-offset-1 vc_col-lg-10 vc_col-md-offset-1 vc_col-md-10&#8243; lg_spacing=&#8220;margin_top:-250&#8243; md_spacing=&#8220;margin_top:0&#8243;][tm_image animation=&#8220;none&#8220; image=&#8220;5843&#8243;][\/vc_column][\/vc_row][\/vc_section][vc_row][vc_column][tm_spacer size=&#8220;xs:30;sm:50;lg:100&#8243;][\/vc_column][\/vc_row][vc_row content_placement=&#8220;middle&#8220;][vc_column offset=&#8220;vc_col-lg-offset-1 vc_col-lg-5 vc_col-md-offset-1 vc_col-md-5&#8243;][tm_image align=&#8220;center&#8220; animation=&#8220;none&#8220; image=&#8220;3461&#8243;][\/vc_column][vc_column offset=&#8220;vc_col-lg-5 vc_col-md-5&#8243;][tm_heading tag=&#8220;h2&#8243; custom_google_font=&#8220;&#8220; google_fonts=&#8220;font_family:Poppins%3A300%2Cregular%2C500%2C600%2C700|font_style:700%20bold%20regular%3A700%3Anormal&#8220; font_weight=&#8220;800&#8243; text_color=&#8220;custom&#8220; custom_text_color=&#8220;#11618f&#8220; animation=&#8220;none&#8220; text=&#8220;Negativni uticaj&#8220; font_size=&#8220;lg:36&#8243; letter_spacing=&#8220;0&#8243; line_height=&#8220;1&#8243;][tm_spacer size=&#8220;lg:25&#8243;][vc_column_text]Bodljobradi rak je sva\u0161tojeda vrsta, buduc\u0301i da je u stanju da dostigne veliku gustinu, mo\u017ee uticati na domac\u0301e makrobeski\u010dmenjake i makrofite, \u0161to mo\u017ee imati negativne posledice po biodiverzitet. Karakteri\u0161u ga velika brzina \u0161irenja, sposobnost kretanja po zemlji\u0161tu, brzo sazrevanje, kratak \u017eivotni vek, visoka plodnost, dva perioda parenja, \u0161to olak\u0161ava brz rast populacije, daju\u0107i mu visok invazivni potencijal.[\/vc_column_text][tm_spacer size=&#8220;lg:25&#8243;][tm_button align=&#8220;right&#8220; animation=&#8220;none&#8220; el_class=&#8220;negative-impact&#8220; color=&#8220;custom&#8220; button_bg_color=&#8220;primary&#8220; font_color=&#8220;custom&#8220; button_border_color=&#8220;primary&#8220; button_icon_color=&#8220;&#8220; button_bg_color_hover=&#8220;secondary&#8220; font_color_hover=&#8220;&#8220; button_border_color_hover=&#8220;secondary&#8220; button_icon_color_hover=&#8220;&#8220; button=&#8220;title:Pro%C4%8Ditaj%20vi%C5%A1e&#8220; rounded=&#8220;30px&#8220; custom_font_color=&#8220;#ffffff&#8220; text_font_size=&#8220;lg:16&#8243;][\/vc_column][\/vc_row]<\/p>\n","protected":false},"author":1,"featured_media":0,"parent":0,"menu_order":0,"comment_status":"closed","ping_status":"closed","template":"","meta":{"_acf_changed":false,"inline_featured_image":false,"footnotes":""},"class_list":["post-5702","page","type-page","status-publish","hentry"],"acf":[],"_links":{"self":[{"href":"https:\/\/danubecare.uns.ac.rs\/sr\/wp-json\/wp\/v2\/pages\/5702","targetHints":{"allow":["GET"]}}],"collection":[{"href":"https:\/\/danubecare.uns.ac.rs\/sr\/wp-json\/wp\/v2\/pages"}],"about":[{"href":"https:\/\/danubecare.uns.ac.rs\/sr\/wp-json\/wp\/v2\/types\/page"}],"author":[{"embeddable":true,"href":"https:\/\/danubecare.uns.ac.rs\/sr\/wp-json\/wp\/v2\/users\/1"}],"replies":[{"embeddable":true,"href":"https:\/\/danubecare.uns.ac.rs\/sr\/wp-json\/wp\/v2\/comments?post=5702"}],"version-history":[{"count":20,"href":"https:\/\/danubecare.uns.ac.rs\/sr\/wp-json\/wp\/v2\/pages\/5702\/revisions"}],"predecessor-version":[{"id":6210,"href":"https:\/\/danubecare.uns.ac.rs\/sr\/wp-json\/wp\/v2\/pages\/5702\/revisions\/6210"}],"wp:attachment":[{"href":"https:\/\/danubecare.uns.ac.rs\/sr\/wp-json\/wp\/v2\/media?parent=5702"}],"curies":[{"name":"wp","href":"https:\/\/api.w.org\/{rel}","templated":true}]}}