{"id":5758,"date":"2018-07-19T03:40:18","date_gmt":"2018-07-19T03:40:18","guid":{"rendered":"https:\/\/danubecare.uns.ac.rs\/take-action\/"},"modified":"2024-07-05T08:08:19","modified_gmt":"2024-07-05T08:08:19","slug":"take-action","status":"publish","type":"page","link":"https:\/\/danubecare.uns.ac.rs\/sr\/take-action\/","title":{"rendered":"Preuzmi inicijativu"},"content":{"rendered":"<div class=\"wpb-content-wrapper\"><p>[vc_row full_width=&#8220;stretch_row_content_no_spaces&#8220; background_image=&#8220;3651&#8243; background_position=&#8220;center bottom&#8220;][vc_column offset=&#8220;vc_col-lg-offset-2 vc_col-lg-8 vc_col-md-offset-2 vc_col-md-8&#8243;][tm_spacer size=&#8220;xs:100;sm:100;md:100;lg:150&#8243;][vc_column_text el_class=&#8220;white-txt&#8220;]<\/p>\n<h1 style=\"text-align: center;\"><strong>Preuzmi inicijativu<\/strong><\/h1>\n<p>[\/vc_column_text][tm_spacer size=&#8220;xs:30;sm:50;md:75;lg:100&#8243;][\/vc_column][\/vc_row][vc_row equal_height=&#8220;yes&#8220; content_placement=&#8220;middle&#8220; custom_border_color=&#8220;#ffffff&#8220; gutter=&#8220;lg:20&#8243;][vc_column custom_border_color=&#8220;#ececec&#8220; background_color=&#8220;custom&#8220; offset=&#8220;vc_col-lg-offset-2 vc_col-lg-3 vc_col-md-offset-2 vc_col-md-3&#8243; lg_spacing=&#8220;padding_top:35;padding_right:35;padding_bottom:35;padding_left:35&#8243; custom_background_color=&#8220;#0c354d&#8220; layer_index=&#8220;99&#8243; el_class=&#8220;margin-top&#8220;][tm_heading tag=&#8220;p&#8220; custom_google_font=&#8220;&#8220; google_fonts=&#8220;font_family:Poppins%3A300%2Cregular%2C500%2C600%2C700|font_style:500%20medium%20regular%3A500%3Anormal&#8220; font_weight=&#8220;600&#8243; text_transform=&#8220;uppercase&#8220; align=&#8220;center&#8220; text_color=&#8220;custom&#8220; custom_text_color=&#8220;#ffffff&#8220; animation=&#8220;none&#8220; text=&#8220;Preuzmite aplikaciju&#8220; font_size=&#8220;lg:16&#8243;][\/vc_column][vc_column background_color=&#8220;custom&#8220; offset=&#8220;vc_col-lg-5 vc_col-md-5&#8243; lg_spacing=&#8220;padding_top:40;padding_right:40;padding_bottom:40;padding_left:40&#8243; layer_index=&#8220;99&#8243; el_class=&#8220;margin-top&#8220; custom_background_color=&#8220;#0c354d&#8220;][vc_row_inner content_placement=&#8220;middle&#8220;][vc_column_inner width=&#8220;1\/2&#8243; content_alignment=&#8220;center&#8220; lg_spacing=&#8220;padding_top:10;padding_right:10;padding_bottom:10;padding_left:10&#8243;][tm_image action=&#8220;custom_link&#8220; xs_align=&#8220;center&#8220; animation=&#8220;none&#8220; image=&#8220;3656&#8243; custom_link=&#8220;url:https%3A%2F%2Fplay.google.com%2Fstore%2Fapps%2Fdetails%3Fid%3Deu.europa.publications.mygeossias%26hl%3Den_US|target:_blank&#8220;][tm_spacer size=&#8220;xs:15;lg:0&#8243;][\/vc_column_inner][vc_column_inner width=&#8220;1\/2&#8243; lg_spacing=&#8220;padding_top:10;padding_right:10;padding_bottom:10;padding_left:10&#8243;][tm_image action=&#8220;custom_link&#8220; xs_align=&#8220;center&#8220; animation=&#8220;none&#8220; image=&#8220;3655&#8243; custom_link=&#8220;url:https%3A%2F%2Fapps.apple.com%2Fus%2Fapp%2Finvasive-alien-species-europe%2Fid1117811993|target:_blank&#8220;][\/vc_column_inner][\/vc_row_inner][\/vc_column][\/vc_row][vc_row][vc_column][tm_spacer size=&#8220;xs:30;md:30;lg:75&#8243;][\/vc_column][\/vc_row][vc_row content_placement=&#8220;bottom&#8220;][vc_column offset=&#8220;vc_col-lg-3 vc_col-md-3 vc_hidden-sm vc_hidden-xs&#8220;][tm_image image=&#8220;3667&#8243;][\/vc_column][vc_column offset=&#8220;vc_col-lg-offset-1 vc_col-lg-8 vc_col-md-offset-1 vc_col-md-8&#8243;][tm_heading tag=&#8220;p&#8220; custom_google_font=&#8220;&#8220; google_fonts=&#8220;font_family:Poppins%3A300%2Cregular%2C500%2C600%2C700|font_style:500%20medium%20regular%3A500%3Anormal&#8220; font_weight=&#8220;500&#8243; text_transform=&#8220;uppercase&#8220; text_color=&#8220;custom&#8220; custom_text_color=&#8220;#4686aa&#8220; animation=&#8220;none&#8220; text=&#8220;Postanite gra\u0111anin &#8211; nau\u010dnik&#8220; font_size=&#8220;lg:16&#8243;][tm_spacer size=&#8220;lg:25&#8243;][tm_heading tag=&#8220;h2&#8243; custom_google_font=&#8220;&#8220; google_fonts=&#8220;font_family:Poppins%3A300%2Cregular%2C500%2C600%2C700|font_style:700%20bold%20regular%3A700%3Anormal&#8220; font_weight=&#8220;800&#8243; text_color=&#8220;custom&#8220; custom_text_color=&#8220;#11618f&#8220; animation=&#8220;none&#8220; text=&#8220;\u0160ta je Gra\u0111anska nauka?&#8220; font_size=&#8220;lg:36&#8243; letter_spacing=&#8220;0&#8243; line_height=&#8220;1&#8243;][tm_spacer size=&#8220;lg:25&#8243;][vc_column_text]Gra\u0111anska nauka ima za cilj da ostvari vezu izme\u0111u nau\u010dne zajednice i \u0161ire javnosti, aktivno anga\u017euju\u0107i gra\u0111ane u razli\u010ditim istra\u017eiva\u010dkim projektima. Ovaj pristup saradnje omogu\u0107ava \u201cgra\u0111anima-nau\u010dnicima\u201d da rade zajedno sa stru\u010dnjacima, aktivno doprinose\u0107i pro\u0161irenju nau\u010dnog znanja. Njihovo u\u010de\u0161\u0107e se prote\u017ee na re\u0161avanje lokalnih, nacionalnih i globalnih pitanja koja imaju nau\u010dni doprinos, sa potencijalom da uti\u010du na kreiranje politike.<\/p>\n<p>Prihvataju\u0107i ulogu gra\u0111anina nau\u010dnika, pojedinci ne samo da poma\u017eu u za\u0161titi biodiverziteta u Evropi, ve\u0107 daju i zna\u010dajan doprinos nauci, razvijaju nove ve\u0161tine i u\u010destvuju u aktivnostima na otvorenom. Inkluzivnost gra\u0111anske nauke je posebno nagla\u0161ena, jer svako, bez obzira na zanimanje, godine ili lokaciju, mo\u017ee u\u010destvovati \u2013 sve \u0161to je potrebno je strast prema prirodi i spremnost da se uklju\u010di.[\/vc_column_text][\/vc_column][\/vc_row][vc_row][vc_column][tm_spacer size=&#8220;xs:50;md:50;lg:100&#8243;][\/vc_column][\/vc_row][vc_row content_placement=&#8220;bottom&#8220;][vc_column offset=&#8220;vc_col-lg-5 vc_col-md-5&#8243;][tm_heading tag=&#8220;p&#8220; custom_google_font=&#8220;&#8220; google_fonts=&#8220;font_family:Poppins%3A300%2Cregular%2C500%2C600%2C700|font_style:500%20medium%20regular%3A500%3Anormal&#8220; font_weight=&#8220;500&#8243; text_transform=&#8220;uppercase&#8220; text_color=&#8220;custom&#8220; custom_text_color=&#8220;#4686aa&#8220; animation=&#8220;none&#8220; text=&#8220;Aplikacija za pametne telefone&#8220; font_size=&#8220;lg:16&#8243;][tm_spacer size=&#8220;lg:25&#8243;][tm_heading tag=&#8220;h2&#8243; custom_google_font=&#8220;&#8220; google_fonts=&#8220;font_family:Poppins%3A300%2Cregular%2C500%2C600%2C700|font_style:700%20bold%20regular%3A700%3Anormal&#8220; font_weight=&#8220;800&#8243; text_color=&#8220;custom&#8220; custom_text_color=&#8220;#11618f&#8220; animation=&#8220;none&#8220; text=&#8220;\u201cInvasive Alien Species Europe\u201d&#8220; font_size=&#8220;lg:36&#8243; letter_spacing=&#8220;0&#8243; line_height=&#8220;1&#8243;][tm_spacer size=&#8220;lg:25&#8243;][vc_column_text]Aplikacija za pametne telefone: Sa aplikacijom za pametne telefone \u201eInvasive Alien Species Europe\u201d (<a href=\"https:\/\/play.google.com\/store\/apps\/details?id=eu.europa.publications.mygeossias&amp;utm_source=global_co&amp;utm_medium=prtnr&amp;utm_content=Mar2515&amp;utm_campaign=PartBadge&amp;pcampaignid=MKT-Other-global-all-co-prtnr-py-PartBadge-Mar2515-1\"><u>Android<\/u><\/a>, <a href=\"https:\/\/itunes.apple.com\/us\/app\/invasive-alien-species-in\/id1117811993?mt=8\"><u>iOS<\/u><\/a>), gra\u0111ani mogu prijaviti ukoliko uo\u010de invazivne vrsta od zna\u010daja za EU:[\/vc_column_text][tm_spacer size=&#8220;lg:25&#8243;][vc_row_inner background_color=&#8220;custom&#8220; lg_spacing=&#8220;padding_top:25;padding_right:25;padding_bottom:25;padding_left:25&#8243; box_shadow=&#8220;0px 0px 15px #eee&#8220; custom_background_color=&#8220;#ffffff&#8220; border_radius=&#8220;10px&#8220;][vc_column_inner width=&#8220;1\/6&#8243; offset=&#8220;vc_col-lg-3 vc_col-md-3 vc_col-xs-4&#8243;][tm_image animation=&#8220;none&#8220; image=&#8220;3292&#8243;][\/vc_column_inner][vc_column_inner width=&#8220;3\/4&#8243; offset=&#8220;vc_col-xs-8&#8243;][tm_spacer size=&#8220;xs:0;sm:30;md:0;lg:0&#8243;][vc_column_text]<\/p>\n<h4><strong>Invazivne strane vrste Evrope<\/strong><\/h4>\n<p>[\/vc_column_text][tm_spacer size=&#8220;lg:10&#8243;][vc_column_text]<\/p>\n<p style=\"text-align: right;\"><span style=\"color: #bbbbbb;\">\u2193 5\u041a+ preuzimanja<\/span><\/p>\n<p>[\/vc_column_text][\/vc_column_inner][\/vc_row_inner][tm_spacer size=&#8220;xs:32;md:32;lg:100&#8243;][\/vc_column][vc_column offset=&#8220;vc_col-lg-7 vc_col-md-7&#8243;][vc_row_inner content_placement=&#8220;middle&#8220;][vc_column_inner width=&#8220;1\/6&#8243; offset=&#8220;vc_col-xs-2&#8243;][tm_image align=&#8220;right&#8220; animation=&#8220;none&#8220; image=&#8220;3693&#8243;][\/vc_column_inner][vc_column_inner width=&#8220;5\/6&#8243; offset=&#8220;vc_col-xs-10&#8243;][vc_column_text]<\/p>\n<p style=\"text-align: left;\">Pro\u010ditajte na\u0161u <a href=\"https:\/\/citizensdata.jrc.ec.europa.eu\/files\/app\/ias\/en\/modal_privacy.html\" target=\"blank\" rel=\"noopener\"><u>izjavu o privatnosti<\/u><\/a><\/p>\n<p>[\/vc_column_text][\/vc_column_inner][\/vc_row_inner][tm_spacer size=&#8220;xs:20;lg:30&#8243;][vc_row_inner content_placement=&#8220;middle&#8220;][vc_column_inner width=&#8220;1\/6&#8243; offset=&#8220;vc_col-xs-2&#8243;][tm_image align=&#8220;right&#8220; animation=&#8220;none&#8220; image=&#8220;3694&#8243;][\/vc_column_inner][vc_column_inner width=&#8220;5\/6&#8243; offset=&#8220;vc_col-xs-10&#8243;][vc_column_text]<\/p>\n<p style=\"text-align: left;\">Preuzmite aplikaciju &#8222;Invazivne strane vrste u Evropi&#8220; (<a href=\"https:\/\/play.google.com\/store\/apps\/details?id=eu.europa.publications.mygeossias&amp;utm_source=global_co&amp;utm_medium=prtnr&amp;utm_content=Mar2515&amp;utm_campaign=PartBadge&amp;pcampaignid=MKT-Other-global-all-co-prtnr-py-PartBadge-Mar2515-1\" target=\"blank\" rel=\"noopener\"><u>Android<\/u><\/a>, <a href=\"https:\/\/apps.apple.com\/us\/app\/invasive-alien-species-europe\/id1117811993\" target=\"blank\" rel=\"noopener\"><u>iOS<\/u><\/a>)<\/p>\n<p>[\/vc_column_text][\/vc_column_inner][\/vc_row_inner][tm_spacer size=&#8220;xs:20;lg:30&#8243;][vc_row_inner content_placement=&#8220;middle&#8220;][vc_column_inner width=&#8220;1\/6&#8243; offset=&#8220;vc_col-xs-2&#8243;][tm_image align=&#8220;right&#8220; animation=&#8220;none&#8220; image=&#8220;3695&#8243;][\/vc_column_inner][vc_column_inner width=&#8220;5\/6&#8243; offset=&#8220;vc_col-xs-10&#8243;][vc_column_text]<\/p>\n<p style=\"text-align: left;\">Fotografi\u0161ite uo\u010denu vrstu sa <a href=\"http:\/\/alien.jrc.ec.europa.eu:80\/easin\/CitizenScience\/Factsheets\" target=\"blank\" rel=\"noopener\"><u>liste od zna\u010daja za Uniju <\/u><\/a><\/p>\n<p>[\/vc_column_text][\/vc_column_inner][\/vc_row_inner][tm_spacer size=&#8220;xs:20;lg:30&#8243;][vc_row_inner content_placement=&#8220;middle&#8220;][vc_column_inner width=&#8220;1\/6&#8243; offset=&#8220;vc_col-xs-2&#8243;][tm_image align=&#8220;right&#8220; animation=&#8220;none&#8220; image=&#8220;3692&#8243;][\/vc_column_inner][vc_column_inner width=&#8220;5\/6&#8243; offset=&#8220;vc_col-xs-10&#8243;][vc_column_text]<\/p>\n<p style=\"text-align: left;\">Popunite formular i kliknite na &#8222;Prijavi uo\u010davanje&#8220; da biste poslali opa\u017eanje<\/p>\n<p>[\/vc_column_text][\/vc_column_inner][\/vc_row_inner][tm_spacer size=&#8220;xs:20;lg:30&#8243;][vc_row_inner][vc_column_inner offset=&#8220;vc_col-lg-offset-1 vc_col-lg-11 vc_col-md-offset-1 vc_col-md-11&#8243;][vc_column_text]Za vi\u0161e informacija, pogledajte <a href=\"https:\/\/citizensdata.jrc.ec.europa.eu\/files\/app\/ias\/userguide\/invasivealienspecieseurope_app_userguide.pdf\" target=\"blank\" rel=\"noopener\"><u>korisni\u010dko uputstvo za aplikaciju &#8222;Invasive Alien Species Europe&#8220;. <\/u><\/a>[\/vc_column_text][\/vc_column_inner][\/vc_row_inner][\/vc_column][\/vc_row][vc_row][vc_column][tm_spacer size=&#8220;xs:30;md:50;lg:100&#8243;][\/vc_column][\/vc_row]<\/p>\n<\/div>","protected":false},"excerpt":{"rendered":"<p>[vc_row full_width=&#8220;stretch_row_content_no_spaces&#8220; background_image=&#8220;3651&#8243; background_position=&#8220;center bottom&#8220;][vc_column offset=&#8220;vc_col-lg-offset-2 vc_col-lg-8 vc_col-md-offset-2 vc_col-md-8&#8243;][tm_spacer size=&#8220;xs:100;sm:100;md:100;lg:150&#8243;][vc_column_text el_class=&#8220;white-txt&#8220;] Preuzmi inicijativu [\/vc_column_text][tm_spacer size=&#8220;xs:30;sm:50;md:75;lg:100&#8243;][\/vc_column][\/vc_row][vc_row equal_height=&#8220;yes&#8220; content_placement=&#8220;middle&#8220; custom_border_color=&#8220;#ffffff&#8220; gutter=&#8220;lg:20&#8243;][vc_column custom_border_color=&#8220;#ececec&#8220; background_color=&#8220;custom&#8220; offset=&#8220;vc_col-lg-offset-2 vc_col-lg-3 vc_col-md-offset-2 vc_col-md-3&#8243; lg_spacing=&#8220;padding_top:35;padding_right:35;padding_bottom:35;padding_left:35&#8243; custom_background_color=&#8220;#0c354d&#8220; layer_index=&#8220;99&#8243; el_class=&#8220;margin-top&#8220;][tm_heading tag=&#8220;p&#8220; custom_google_font=&#8220;&#8220; google_fonts=&#8220;font_family:Poppins%3A300%2Cregular%2C500%2C600%2C700|font_style:500%20medium%20regular%3A500%3Anormal&#8220; font_weight=&#8220;600&#8243; text_transform=&#8220;uppercase&#8220; align=&#8220;center&#8220; text_color=&#8220;custom&#8220; custom_text_color=&#8220;#ffffff&#8220; animation=&#8220;none&#8220; text=&#8220;Preuzmite aplikaciju&#8220; font_size=&#8220;lg:16&#8243;][\/vc_column][vc_column background_color=&#8220;custom&#8220; offset=&#8220;vc_col-lg-5 vc_col-md-5&#8243; lg_spacing=&#8220;padding_top:40;padding_right:40;padding_bottom:40;padding_left:40&#8243; layer_index=&#8220;99&#8243; el_class=&#8220;margin-top&#8220; custom_background_color=&#8220;#0c354d&#8220;][vc_row_inner content_placement=&#8220;middle&#8220;][vc_column_inner width=&#8220;1\/2&#8243; content_alignment=&#8220;center&#8220; lg_spacing=&#8220;padding_top:10;padding_right:10;padding_bottom:10;padding_left:10&#8243;][tm_image action=&#8220;custom_link&#8220; xs_align=&#8220;center&#8220; animation=&#8220;none&#8220; image=&#8220;3656&#8243; custom_link=&#8220;url:https%3A%2F%2Fplay.google.com%2Fstore%2Fapps%2Fdetails%3Fid%3Deu.europa.publications.mygeossias%26hl%3Den_US|target:_blank&#8220;][tm_spacer size=&#8220;xs:15;lg:0&#8243;][\/vc_column_inner][vc_column_inner width=&#8220;1\/2&#8243; lg_spacing=&#8220;padding_top:10;padding_right:10;padding_bottom:10;padding_left:10&#8243;][tm_image action=&#8220;custom_link&#8220; xs_align=&#8220;center&#8220; animation=&#8220;none&#8220; image=&#8220;3655&#8243; custom_link=&#8220;url:https%3A%2F%2Fapps.apple.com%2Fus%2Fapp%2Finvasive-alien-species-europe%2Fid1117811993|target:_blank&#8220;][\/vc_column_inner][\/vc_row_inner][\/vc_column][\/vc_row][vc_row][vc_column][tm_spacer size=&#8220;xs:30;md:30;lg:75&#8243;][\/vc_column][\/vc_row][vc_row content_placement=&#8220;bottom&#8220;][vc_column offset=&#8220;vc_col-lg-3 vc_col-md-3 vc_hidden-sm vc_hidden-xs&#8220;][tm_image image=&#8220;3667&#8243;][\/vc_column][vc_column offset=&#8220;vc_col-lg-offset-1 vc_col-lg-8 vc_col-md-offset-1 vc_col-md-8&#8243;][tm_heading tag=&#8220;p&#8220; custom_google_font=&#8220;&#8220; google_fonts=&#8220;font_family:Poppins%3A300%2Cregular%2C500%2C600%2C700|font_style:500%20medium%20regular%3A500%3Anormal&#8220; font_weight=&#8220;500&#8243; text_transform=&#8220;uppercase&#8220; text_color=&#8220;custom&#8220; custom_text_color=&#8220;#4686aa&#8220; animation=&#8220;none&#8220; text=&#8220;Postanite gra\u0111anin &#8211; nau\u010dnik&#8220; font_size=&#8220;lg:16&#8243;][tm_spacer size=&#8220;lg:25&#8243;][tm_heading tag=&#8220;h2&#8243; custom_google_font=&#8220;&#8220; google_fonts=&#8220;font_family:Poppins%3A300%2Cregular%2C500%2C600%2C700|font_style:700%20bold%20regular%3A700%3Anormal&#8220; font_weight=&#8220;800&#8243; text_color=&#8220;custom&#8220; custom_text_color=&#8220;#11618f&#8220; animation=&#8220;none&#8220; text=&#8220;\u0160ta je Gra\u0111anska nauka?&#8220; font_size=&#8220;lg:36&#8243; letter_spacing=&#8220;0&#8243; line_height=&#8220;1&#8243;][tm_spacer size=&#8220;lg:25&#8243;][vc_column_text]Gra\u0111anska nauka ima za cilj da ostvari vezu izme\u0111u nau\u010dne zajednice i \u0161ire javnosti, aktivno anga\u017euju\u0107i gra\u0111ane u razli\u010ditim istra\u017eiva\u010dkim projektima. Ovaj pristup saradnje omogu\u0107ava \u201cgra\u0111anima-nau\u010dnicima\u201d da rade zajedno sa stru\u010dnjacima, aktivno doprinose\u0107i pro\u0161irenju nau\u010dnog znanja. Njihovo u\u010de\u0161\u0107e se prote\u017ee na re\u0161avanje lokalnih, nacionalnih i globalnih pitanja koja imaju nau\u010dni doprinos, sa potencijalom da uti\u010du na kreiranje politike. Prihvataju\u0107i ulogu gra\u0111anina nau\u010dnika, pojedinci ne samo da poma\u017eu u za\u0161titi biodiverziteta u Evropi, ve\u0107 daju i zna\u010dajan doprinos nauci, razvijaju nove ve\u0161tine i u\u010destvuju u aktivnostima na otvorenom. Inkluzivnost gra\u0111anske nauke je posebno nagla\u0161ena, jer svako, bez obzira na zanimanje, godine ili lokaciju, mo\u017ee u\u010destvovati \u2013 sve \u0161to je potrebno je strast prema prirodi i spremnost da se uklju\u010di.[\/vc_column_text][\/vc_column][\/vc_row][vc_row][vc_column][tm_spacer size=&#8220;xs:50;md:50;lg:100&#8243;][\/vc_column][\/vc_row][vc_row content_placement=&#8220;bottom&#8220;][vc_column offset=&#8220;vc_col-lg-5 vc_col-md-5&#8243;][tm_heading tag=&#8220;p&#8220; custom_google_font=&#8220;&#8220; google_fonts=&#8220;font_family:Poppins%3A300%2Cregular%2C500%2C600%2C700|font_style:500%20medium%20regular%3A500%3Anormal&#8220; font_weight=&#8220;500&#8243; text_transform=&#8220;uppercase&#8220; text_color=&#8220;custom&#8220; custom_text_color=&#8220;#4686aa&#8220; animation=&#8220;none&#8220; text=&#8220;Aplikacija za pametne telefone&#8220; font_size=&#8220;lg:16&#8243;][tm_spacer size=&#8220;lg:25&#8243;][tm_heading tag=&#8220;h2&#8243; custom_google_font=&#8220;&#8220; google_fonts=&#8220;font_family:Poppins%3A300%2Cregular%2C500%2C600%2C700|font_style:700%20bold%20regular%3A700%3Anormal&#8220; font_weight=&#8220;800&#8243; text_color=&#8220;custom&#8220; custom_text_color=&#8220;#11618f&#8220; animation=&#8220;none&#8220; text=&#8220;\u201cInvasive Alien Species Europe\u201d&#8220; font_size=&#8220;lg:36&#8243; letter_spacing=&#8220;0&#8243; line_height=&#8220;1&#8243;][tm_spacer size=&#8220;lg:25&#8243;][vc_column_text]Aplikacija za pametne telefone: Sa aplikacijom za pametne telefone \u201eInvasive Alien Species Europe\u201d (Android, iOS), gra\u0111ani mogu prijaviti ukoliko uo\u010de invazivne vrsta od zna\u010daja za EU:[\/vc_column_text][tm_spacer size=&#8220;lg:25&#8243;][vc_row_inner background_color=&#8220;custom&#8220; lg_spacing=&#8220;padding_top:25;padding_right:25;padding_bottom:25;padding_left:25&#8243; box_shadow=&#8220;0px 0px 15px #eee&#8220; custom_background_color=&#8220;#ffffff&#8220; border_radius=&#8220;10px&#8220;][vc_column_inner width=&#8220;1\/6&#8243; offset=&#8220;vc_col-lg-3 vc_col-md-3 vc_col-xs-4&#8243;][tm_image animation=&#8220;none&#8220; image=&#8220;3292&#8243;][\/vc_column_inner][vc_column_inner width=&#8220;3\/4&#8243; offset=&#8220;vc_col-xs-8&#8243;][tm_spacer size=&#8220;xs:0;sm:30;md:0;lg:0&#8243;][vc_column_text] Invazivne strane vrste Evrope [\/vc_column_text][tm_spacer size=&#8220;lg:10&#8243;][vc_column_text] \u2193 5\u041a+ preuzimanja [\/vc_column_text][\/vc_column_inner][\/vc_row_inner][tm_spacer size=&#8220;xs:32;md:32;lg:100&#8243;][\/vc_column][vc_column offset=&#8220;vc_col-lg-7 vc_col-md-7&#8243;][vc_row_inner content_placement=&#8220;middle&#8220;][vc_column_inner width=&#8220;1\/6&#8243; offset=&#8220;vc_col-xs-2&#8243;][tm_image align=&#8220;right&#8220; animation=&#8220;none&#8220; image=&#8220;3693&#8243;][\/vc_column_inner][vc_column_inner width=&#8220;5\/6&#8243; offset=&#8220;vc_col-xs-10&#8243;][vc_column_text] Pro\u010ditajte na\u0161u izjavu o privatnosti [\/vc_column_text][\/vc_column_inner][\/vc_row_inner][tm_spacer size=&#8220;xs:20;lg:30&#8243;][vc_row_inner content_placement=&#8220;middle&#8220;][vc_column_inner width=&#8220;1\/6&#8243; offset=&#8220;vc_col-xs-2&#8243;][tm_image align=&#8220;right&#8220; animation=&#8220;none&#8220; image=&#8220;3694&#8243;][\/vc_column_inner][vc_column_inner width=&#8220;5\/6&#8243; offset=&#8220;vc_col-xs-10&#8243;][vc_column_text] Preuzmite aplikaciju &#8222;Invazivne strane vrste u Evropi&#8220; (Android, iOS) [\/vc_column_text][\/vc_column_inner][\/vc_row_inner][tm_spacer size=&#8220;xs:20;lg:30&#8243;][vc_row_inner content_placement=&#8220;middle&#8220;][vc_column_inner width=&#8220;1\/6&#8243; offset=&#8220;vc_col-xs-2&#8243;][tm_image align=&#8220;right&#8220; animation=&#8220;none&#8220; image=&#8220;3695&#8243;][\/vc_column_inner][vc_column_inner width=&#8220;5\/6&#8243; offset=&#8220;vc_col-xs-10&#8243;][vc_column_text] Fotografi\u0161ite uo\u010denu vrstu sa liste od zna\u010daja za Uniju [\/vc_column_text][\/vc_column_inner][\/vc_row_inner][tm_spacer size=&#8220;xs:20;lg:30&#8243;][vc_row_inner content_placement=&#8220;middle&#8220;][vc_column_inner width=&#8220;1\/6&#8243; offset=&#8220;vc_col-xs-2&#8243;][tm_image align=&#8220;right&#8220; animation=&#8220;none&#8220; image=&#8220;3692&#8243;][\/vc_column_inner][vc_column_inner width=&#8220;5\/6&#8243; offset=&#8220;vc_col-xs-10&#8243;][vc_column_text] Popunite formular i kliknite na &#8222;Prijavi uo\u010davanje&#8220; da biste poslali opa\u017eanje [\/vc_column_text][\/vc_column_inner][\/vc_row_inner][tm_spacer size=&#8220;xs:20;lg:30&#8243;][vc_row_inner][vc_column_inner offset=&#8220;vc_col-lg-offset-1 vc_col-lg-11 vc_col-md-offset-1 vc_col-md-11&#8243;][vc_column_text]Za vi\u0161e informacija, pogledajte korisni\u010dko uputstvo za aplikaciju &#8222;Invasive Alien Species Europe&#8220;. [\/vc_column_text][\/vc_column_inner][\/vc_row_inner][\/vc_column][\/vc_row][vc_row][vc_column][tm_spacer size=&#8220;xs:30;md:50;lg:100&#8243;][\/vc_column][\/vc_row]<\/p>\n","protected":false},"author":1,"featured_media":0,"parent":0,"menu_order":0,"comment_status":"closed","ping_status":"closed","template":"","meta":{"_acf_changed":false,"inline_featured_image":false,"footnotes":""},"class_list":["post-5758","page","type-page","status-publish","hentry"],"acf":[],"_links":{"self":[{"href":"https:\/\/danubecare.uns.ac.rs\/sr\/wp-json\/wp\/v2\/pages\/5758","targetHints":{"allow":["GET"]}}],"collection":[{"href":"https:\/\/danubecare.uns.ac.rs\/sr\/wp-json\/wp\/v2\/pages"}],"about":[{"href":"https:\/\/danubecare.uns.ac.rs\/sr\/wp-json\/wp\/v2\/types\/page"}],"author":[{"embeddable":true,"href":"https:\/\/danubecare.uns.ac.rs\/sr\/wp-json\/wp\/v2\/users\/1"}],"replies":[{"embeddable":true,"href":"https:\/\/danubecare.uns.ac.rs\/sr\/wp-json\/wp\/v2\/comments?post=5758"}],"version-history":[{"count":9,"href":"https:\/\/danubecare.uns.ac.rs\/sr\/wp-json\/wp\/v2\/pages\/5758\/revisions"}],"predecessor-version":[{"id":5924,"href":"https:\/\/danubecare.uns.ac.rs\/sr\/wp-json\/wp\/v2\/pages\/5758\/revisions\/5924"}],"wp:attachment":[{"href":"https:\/\/danubecare.uns.ac.rs\/sr\/wp-json\/wp\/v2\/media?parent=5758"}],"curies":[{"name":"wp","href":"https:\/\/api.w.org\/{rel}","templated":true}]}}