{"id":5790,"date":"2018-07-19T03:40:18","date_gmt":"2018-07-19T03:40:18","guid":{"rendered":"https:\/\/danubecare.uns.ac.rs\/danubecare-pocetna-stranica\/"},"modified":"2024-09-13T13:02:36","modified_gmt":"2024-09-13T13:02:36","slug":"danubecare-pocetna-stranica","status":"publish","type":"page","link":"https:\/\/danubecare.uns.ac.rs\/sr\/","title":{"rendered":"DANUBEcare &#8211; Po\u010detna stranica"},"content":{"rendered":"<div class=\"wpb-content-wrapper\"><p>[vc_row full_width=&#8220;stretch_row_content_no_spaces&#8220; background_image=&#8220;3167&#8243;][vc_column offset=&#8220;vc_col-lg-offset-2 vc_col-lg-8 vc_col-md-offset-2 vc_col-md-8&#8243;][tm_spacer size=&#8220;xs:120;sm:120;md:150;lg:200&#8243;][tm_heading custom_google_font=&#8220;&#8220; font_weight=&#8220;700&#8243; align=&#8220;center&#8220; text_color=&#8220;custom&#8220; custom_text_color=&#8220;#ffffff&#8220; animation=&#8220;none&#8220; text=&#8220;Dobrodo\u0161li na veb stranicu&#8220; font_size=&#8220;xs:36;sm:48;md:72;lg:89&#8243; line_height=&#8220;1&#8243;][tm_heading custom_google_font=&#8220;&#8220; font_weight=&#8220;700&#8243; align=&#8220;center&#8220; text_color=&#8220;custom&#8220; custom_text_color=&#8220;#ffffff&#8220; animation=&#8220;none&#8220; text=&#8220;DANUBEcare projekta&#8220; font_size=&#8220;xs:36;sm:48;md:72;lg:89&#8243; line_height=&#8220;1&#8243;][tm_spacer size=&#8220;xs:20;lg:32&#8243;][vc_row_inner][vc_column_inner offset=&#8220;vc_col-lg-offset-1 vc_col-lg-10 vc_col-md-offset-1 vc_col-md-10&#8243;][vc_column_text el_class=&#8220;sub-title&#8220;]<\/p>\n<h4 style=\"text-align: center;\"><strong>Smanjenje negativnog uticaja invazivnih bodljobradih rakova <em>Faxonius limosus<\/em> u Dunavu pametnom eksploatacijom njihovog mesa i lju\u0161ture<\/strong><\/h4>\n<p>[\/vc_column_text][\/vc_column_inner][\/vc_row_inner][tm_spacer size=&#8220;xs:20;lg:50&#8243;][tm_button size=&#8220;lg&#8220; align=&#8220;center&#8220; animation=&#8220;none&#8220; el_class=&#8220;button-style&#8220; color=&#8220;custom&#8220; button_bg_color=&#8220;primary&#8220; font_color=&#8220;custom&#8220; button_border_color=&#8220;primary&#8220; button_icon_color=&#8220;&#8220; button_bg_color_hover=&#8220;secondary&#8220; font_color_hover=&#8220;&#8220; button_border_color_hover=&#8220;secondary&#8220; button_icon_color_hover=&#8220;&#8220; button=&#8220;title:Pro%C4%8Ditaj%20opis&#8220; rounded=&#8220;30px&#8220; custom_font_color=&#8220;#ffffff&#8220; text_font_size=&#8220;lg:18&#8243;][tm_spacer size=&#8220;xs:30;sm:50;md:75;lg:100&#8243;][\/vc_column][\/vc_row][vc_row full_width=&#8220;stretch_row&#8220; custom_border_color=&#8220;#ffffff&#8220; hide_background_image=&#8220;sm&#8220; background_size=&#8220;auto&#8220; gutter=&#8220;lg:20&#8243; background_image=&#8220;3373&#8243; background_position=&#8220;right top&#8220;][vc_column custom_border_color=&#8220;#ffffff&#8220; background_color=&#8220;custom&#8220; xs_content_alignment=&#8220;center&#8220; offset=&#8220;vc_col-lg-offset-1 vc_col-lg-5 vc_col-md-offset-1 vc_col-md-5&#8243; lg_spacing=&#8220;padding_top:25;padding_right:25;padding_bottom:25;padding_left:25&#8243; custom_background_color=&#8220;#ffffff&#8220; layer_index=&#8220;99&#8243; el_class=&#8220;bg-color&#8220;][tm_image animation=&#8220;none&#8220; image=&#8220;3219&#8243;][tm_spacer size=&#8220;lg:20&#8243;][vc_column_text]Bodljobradi rak <em>F. limosus<\/em> (Rafineskue, 1817), ranije <em>Orconectes limosus<\/em>, je autohtona vrsta u isto\u010dnom delu Severne Amerike. U Evropu je introdukovan pre vi\u0161e od jednog veka, a u poslednje dve decenije prisustvo ove vrste je potvr\u0111eno u vi\u0161e od 20 evropskih zemalja.<br \/>\n[\/vc_column_text][tm_spacer size=&#8220;lg:48&#8243;][vc_separator][tm_spacer size=&#8220;lg:25&#8243;][tm_button style=&#8220;text&#8220; align=&#8220;right&#8220; animation=&#8220;none&#8220; icon_type=&#8220;fontawesome&#8220; icon_fontawesome=&#8220;fas fa-arrow-right&#8220; color=&#8220;custom&#8220; button_bg_color=&#8220;&#8220; font_color=&#8220;secondary&#8220; button_border_color=&#8220;&#8220; button_icon_color=&#8220;secondary&#8220; button_bg_color_hover=&#8220;&#8220; font_color_hover=&#8220;primary&#8220; button_border_color_hover=&#8220;&#8220; button_icon_color_hover=&#8220;primary&#8220; button=&#8220;url:https%3A%2F%2Fdanubecare.uns.ac.rs%2Fsr%2Fproblem%2F|title:Vidite%20problem&#8220; text_font_size=&#8220;lg:16&#8243;][\/vc_column][vc_column background_color=&#8220;custom&#8220; xs_content_alignment=&#8220;center&#8220; offset=&#8220;vc_col-lg-5 vc_col-md-5&#8243; lg_spacing=&#8220;padding_top:25;padding_right:25;padding_bottom:25;padding_left:25&#8243; custom_background_color=&#8220;#ffffff&#8220; el_class=&#8220;bg-color&#8220; layer_index=&#8220;99&#8243;][tm_image animation=&#8220;none&#8220; image=&#8220;3218&#8243;][tm_spacer size=&#8220;lg:20&#8243;][vc_column_text]DANUBEcare projekat se bavi re\u0161avanjem krize u o\u010duvanju biodiverziteta Dunava kroz transformaciju invazivne vrste re\u010dnog raka u razli\u010dite inovativne proizvode prate\u0107i koncept \u201cZERO WASTE\u201d. Ova inicijativa doprinosi o\u010duvanju biodiverzitet Dunava, istovremeno podi\u017eu\u0107i svest i obezbe\u0111uju\u0107i efikasnu diseminaciju projektnih rezultata.[\/vc_column_text][tm_spacer size=&#8220;lg:25&#8243;][vc_separator][tm_spacer size=&#8220;lg:25&#8243;][tm_button style=&#8220;text&#8220; align=&#8220;right&#8220; animation=&#8220;none&#8220; icon_type=&#8220;fontawesome&#8220; icon_fontawesome=&#8220;fas fa-arrow-right&#8220; color=&#8220;custom&#8220; button_bg_color=&#8220;&#8220; font_color=&#8220;secondary&#8220; button_border_color=&#8220;&#8220; button_icon_color=&#8220;secondary&#8220; button_bg_color_hover=&#8220;&#8220; font_color_hover=&#8220;primary&#8220; button_border_color_hover=&#8220;&#8220; button_icon_color_hover=&#8220;primary&#8220; button=&#8220;url:https%3A%2F%2Fdanubecare.uns.ac.rs%2Fsr%2Fobjective%2F|title:Vidite%20cilj&#8220; text_font_size=&#8220;lg:16&#8243;][\/vc_column][\/vc_row][vc_row][vc_column][tm_spacer size=&#8220;xs:50;lg:100&#8243;][\/vc_column][\/vc_row][vc_row content_placement=&#8220;middle&#8220;][vc_column offset=&#8220;vc_col-lg-offset-1 vc_col-lg-5 vc_col-md-offset-1 vc_col-md-5&#8243;][tm_heading tag=&#8220;h2&#8243; custom_google_font=&#8220;&#8220; google_fonts=&#8220;font_family:Poppins%3A300%2Cregular%2C500%2C600%2C700|font_style:700%20bold%20regular%3A700%3Anormal&#8220; font_weight=&#8220;800&#8243; text_color=&#8220;custom&#8220; custom_text_color=&#8220;#11618f&#8220; animation=&#8220;none&#8220; text=&#8220;Ambicija&#8220; font_size=&#8220;md:36;lg:56&#8243; letter_spacing=&#8220;0&#8243; line_height=&#8220;1&#8243;][tm_spacer size=&#8220;lg:25&#8243;][vc_column_text]Projekat DANUBEcare se bavi aktuelnim problemom \u2013 prisustvom invazivne vrste bodljobradog raka <em>F. limosus<\/em> u reci Dunav i njenim \u0161tetnim uticajem na autohtone vrste rakova i biodiverzitet, za koji jo\u0161 uvek nema sistemskog re\u0161enja. Ambicija projekta je da se na najjednostavniji i ekolo\u0161ki najprihvatljiviji na\u010din pomogne u re\u0161avanju problema izazvanog ovom vrstom, razvijanjem novih prehrambenih proizvoda i hrane za \u017eivotinje sa komercijalnim potencijalom, kao i kori\u0161\u0107enjem lju\u0161ture raka u skladu sa konceptom \u201cZERO WASTE\u201d.[\/vc_column_text][tm_spacer size=&#8220;lg:25&#8243;][tm_button align=&#8220;right&#8220; animation=&#8220;none&#8220; color=&#8220;custom&#8220; button_bg_color=&#8220;primary&#8220; font_color=&#8220;custom&#8220; button_border_color=&#8220;primary&#8220; button_icon_color=&#8220;&#8220; button_bg_color_hover=&#8220;secondary&#8220; font_color_hover=&#8220;&#8220; button_border_color_hover=&#8220;secondary&#8220; button_icon_color_hover=&#8220;&#8220; button=&#8220;url:https%3A%2F%2Fdanubecare.uns.ac.rs%2Fsr%2Fambition%2F|title:Pro%C4%8Ditaj%20vi%C5%A1e&#8220; rounded=&#8220;30px&#8220; custom_font_color=&#8220;#ffffff&#8220; text_font_size=&#8220;lg:16&#8243;][\/vc_column][vc_column offset=&#8220;vc_col-lg-5 vc_col-md-5 vc_hidden-sm vc_hidden-xs&#8220;][tm_image align=&#8220;center&#8220; animation=&#8220;none&#8220; image=&#8220;4504&#8243;][\/vc_column][\/vc_row][vc_row][vc_column][tm_spacer size=&#8220;xs:50;lg:100&#8243;][\/vc_column][\/vc_row][vc_row content_placement=&#8220;middle&#8220;][vc_column offset=&#8220;vc_col-lg-offset-1 vc_col-lg-5 vc_col-md-offset-1 vc_col-md-5&#8243;][tm_image align=&#8220;center&#8220; animation=&#8220;none&#8220; image=&#8220;3268&#8243;][\/vc_column][vc_column offset=&#8220;vc_col-lg-5 vc_col-md-5&#8243;][tm_heading tag=&#8220;h2&#8243; custom_google_font=&#8220;&#8220; google_fonts=&#8220;font_family:Poppins%3A300%2Cregular%2C500%2C600%2C700|font_style:700%20bold%20regular%3A700%3Anormal&#8220; font_weight=&#8220;800&#8243; text_color=&#8220;custom&#8220; custom_text_color=&#8220;#11618f&#8220; animation=&#8220;none&#8220; text=&#8220;ZERO WASTE koncept&#8220; font_size=&#8220;md:36;lg:56&#8243; letter_spacing=&#8220;0&#8243; line_height=&#8220;1&#8243;][tm_spacer size=&#8220;lg:25&#8243;][vc_column_text]Projekat DANUBEcare usmeren je na sveobuhvatno i sistematsko prikupljanje podatka o rasprostranjenosti invazivne vrste bodljobradog raka u reci Dunav i primenu razli\u010ditih re\u0161enja u vidu eko-proizvoda za odr\u017eivu budu\u0107nost, sa ciljem da se spre\u010di gubitak biodiverziteta u reci Dunav<em>.<\/em>[\/vc_column_text][tm_spacer size=&#8220;lg:25&#8243;][\/vc_column][\/vc_row][vc_section full_width=&#8220;stretch_row&#8220; hide_background_image=&#8220;md&#8220; background_size=&#8220;auto&#8220; background_image=&#8220;3372&#8243; background_position=&#8220;right top&#8220;][vc_row][vc_column][tm_spacer size=&#8220;xs:50;sm:50;md:100;lg:330&#8243;][\/vc_column][\/vc_row][vc_row][vc_column offset=&#8220;vc_col-lg-offset-1 vc_col-lg-5 vc_col-md-offset-1 vc_col-md-5&#8243;][tm_heading tag=&#8220;h2&#8243; custom_google_font=&#8220;&#8220; google_fonts=&#8220;font_family:Poppins%3A300%2Cregular%2C500%2C600%2C700|font_style:700%20bold%20regular%3A700%3Anormal&#8220; font_weight=&#8220;800&#8243; text_color=&#8220;custom&#8220; custom_text_color=&#8220;#11618f&#8220; animation=&#8220;none&#8220; text=&#8220;DANUBEcare radni paketi&#8220; font_size=&#8220;md:36;lg:56&#8243; letter_spacing=&#8220;0&#8243; line_height=&#8220;1&#8243;][tm_spacer size=&#8220;lg:25&#8243;][\/vc_column][vc_column offset=&#8220;vc_col-lg-5 vc_col-md-5&#8243;][vc_column_text]Aktivnosti DANUBEcare projekta su podeljene u \u0161est radnih paketa (RP), od kojih je svaki prilago\u0111en specifi\u010dnim ciljevima projekta.[\/vc_column_text][tm_spacer size=&#8220;lg:25&#8243;][tm_button align=&#8220;right&#8220; animation=&#8220;none&#8220; el_class=&#8220;discover-now&#8220; color=&#8220;custom&#8220; button_bg_color=&#8220;primary&#8220; font_color=&#8220;custom&#8220; button_border_color=&#8220;primary&#8220; button_icon_color=&#8220;&#8220; button_bg_color_hover=&#8220;secondary&#8220; font_color_hover=&#8220;&#8220; button_border_color_hover=&#8220;secondary&#8220; button_icon_color_hover=&#8220;&#8220; button=&#8220;url:https%3A%2F%2Fdanubecare.uns.ac.rs%2Fsr%2Fwork-package%2F|title:Istra%C5%BEi%20vi%C5%A1e&#8220; rounded=&#8220;30px&#8220; custom_font_color=&#8220;#ffffff&#8220; text_font_size=&#8220;lg:16&#8243;][\/vc_column][\/vc_row][vc_row][vc_column][tm_spacer size=&#8220;xs:50;sm:50;md:75;lg:200&#8243;][\/vc_column][\/vc_row][\/vc_section]<\/p>\n<\/div>","protected":false},"excerpt":{"rendered":"<p>[vc_row full_width=&#8220;stretch_row_content_no_spaces&#8220; background_image=&#8220;3167&#8243;][vc_column offset=&#8220;vc_col-lg-offset-2 vc_col-lg-8 vc_col-md-offset-2 vc_col-md-8&#8243;][tm_spacer size=&#8220;xs:120;sm:120;md:150;lg:200&#8243;][tm_heading custom_google_font=&#8220;&#8220; font_weight=&#8220;700&#8243; align=&#8220;center&#8220; text_color=&#8220;custom&#8220; custom_text_color=&#8220;#ffffff&#8220; animation=&#8220;none&#8220; text=&#8220;Dobrodo\u0161li na veb stranicu&#8220; font_size=&#8220;xs:36;sm:48;md:72;lg:89&#8243; line_height=&#8220;1&#8243;][tm_heading custom_google_font=&#8220;&#8220; font_weight=&#8220;700&#8243; align=&#8220;center&#8220; text_color=&#8220;custom&#8220; custom_text_color=&#8220;#ffffff&#8220; animation=&#8220;none&#8220; text=&#8220;DANUBEcare projekta&#8220; font_size=&#8220;xs:36;sm:48;md:72;lg:89&#8243; line_height=&#8220;1&#8243;][tm_spacer size=&#8220;xs:20;lg:32&#8243;][vc_row_inner][vc_column_inner offset=&#8220;vc_col-lg-offset-1 vc_col-lg-10 vc_col-md-offset-1 vc_col-md-10&#8243;][vc_column_text el_class=&#8220;sub-title&#8220;] Smanjenje negativnog uticaja invazivnih bodljobradih rakova Faxonius limosus u Dunavu pametnom eksploatacijom njihovog mesa i lju\u0161ture [\/vc_column_text][\/vc_column_inner][\/vc_row_inner][tm_spacer size=&#8220;xs:20;lg:50&#8243;][tm_button size=&#8220;lg&#8220; align=&#8220;center&#8220; animation=&#8220;none&#8220; el_class=&#8220;button-style&#8220; color=&#8220;custom&#8220; button_bg_color=&#8220;primary&#8220; font_color=&#8220;custom&#8220; button_border_color=&#8220;primary&#8220; button_icon_color=&#8220;&#8220; button_bg_color_hover=&#8220;secondary&#8220; font_color_hover=&#8220;&#8220; button_border_color_hover=&#8220;secondary&#8220; button_icon_color_hover=&#8220;&#8220; button=&#8220;title:Pro%C4%8Ditaj%20opis&#8220; rounded=&#8220;30px&#8220; custom_font_color=&#8220;#ffffff&#8220; text_font_size=&#8220;lg:18&#8243;][tm_spacer size=&#8220;xs:30;sm:50;md:75;lg:100&#8243;][\/vc_column][\/vc_row][vc_row full_width=&#8220;stretch_row&#8220; custom_border_color=&#8220;#ffffff&#8220; hide_background_image=&#8220;sm&#8220; background_size=&#8220;auto&#8220; gutter=&#8220;lg:20&#8243; background_image=&#8220;3373&#8243; background_position=&#8220;right top&#8220;][vc_column custom_border_color=&#8220;#ffffff&#8220; background_color=&#8220;custom&#8220; xs_content_alignment=&#8220;center&#8220; offset=&#8220;vc_col-lg-offset-1 vc_col-lg-5 vc_col-md-offset-1 vc_col-md-5&#8243; lg_spacing=&#8220;padding_top:25;padding_right:25;padding_bottom:25;padding_left:25&#8243; custom_background_color=&#8220;#ffffff&#8220; layer_index=&#8220;99&#8243; el_class=&#8220;bg-color&#8220;][tm_image animation=&#8220;none&#8220; image=&#8220;3219&#8243;][tm_spacer size=&#8220;lg:20&#8243;][vc_column_text]Bodljobradi rak F. limosus (Rafineskue, 1817), ranije Orconectes limosus, je autohtona vrsta u isto\u010dnom delu Severne Amerike. U Evropu je introdukovan pre vi\u0161e od jednog veka, a u poslednje dve decenije prisustvo ove vrste je potvr\u0111eno u vi\u0161e od 20 evropskih zemalja. [\/vc_column_text][tm_spacer size=&#8220;lg:48&#8243;][vc_separator][tm_spacer size=&#8220;lg:25&#8243;][tm_button style=&#8220;text&#8220; align=&#8220;right&#8220; animation=&#8220;none&#8220; icon_type=&#8220;fontawesome&#8220; icon_fontawesome=&#8220;fas fa-arrow-right&#8220; color=&#8220;custom&#8220; button_bg_color=&#8220;&#8220; font_color=&#8220;secondary&#8220; button_border_color=&#8220;&#8220; button_icon_color=&#8220;secondary&#8220; button_bg_color_hover=&#8220;&#8220; font_color_hover=&#8220;primary&#8220; button_border_color_hover=&#8220;&#8220; button_icon_color_hover=&#8220;primary&#8220; button=&#8220;url:https%3A%2F%2Fdanubecare.uns.ac.rs%2Fsr%2Fproblem%2F|title:Vidite%20problem&#8220; text_font_size=&#8220;lg:16&#8243;][\/vc_column][vc_column background_color=&#8220;custom&#8220; xs_content_alignment=&#8220;center&#8220; offset=&#8220;vc_col-lg-5 vc_col-md-5&#8243; lg_spacing=&#8220;padding_top:25;padding_right:25;padding_bottom:25;padding_left:25&#8243; custom_background_color=&#8220;#ffffff&#8220; el_class=&#8220;bg-color&#8220; layer_index=&#8220;99&#8243;][tm_image animation=&#8220;none&#8220; image=&#8220;3218&#8243;][tm_spacer size=&#8220;lg:20&#8243;][vc_column_text]DANUBEcare projekat se bavi re\u0161avanjem krize u o\u010duvanju biodiverziteta Dunava kroz transformaciju invazivne vrste re\u010dnog raka u razli\u010dite inovativne proizvode prate\u0107i koncept \u201cZERO WASTE\u201d. Ova inicijativa doprinosi o\u010duvanju biodiverzitet Dunava, istovremeno podi\u017eu\u0107i svest i obezbe\u0111uju\u0107i efikasnu diseminaciju projektnih rezultata.[\/vc_column_text][tm_spacer size=&#8220;lg:25&#8243;][vc_separator][tm_spacer size=&#8220;lg:25&#8243;][tm_button style=&#8220;text&#8220; align=&#8220;right&#8220; animation=&#8220;none&#8220; icon_type=&#8220;fontawesome&#8220; icon_fontawesome=&#8220;fas fa-arrow-right&#8220; color=&#8220;custom&#8220; button_bg_color=&#8220;&#8220; font_color=&#8220;secondary&#8220; button_border_color=&#8220;&#8220; button_icon_color=&#8220;secondary&#8220; button_bg_color_hover=&#8220;&#8220; font_color_hover=&#8220;primary&#8220; button_border_color_hover=&#8220;&#8220; button_icon_color_hover=&#8220;primary&#8220; button=&#8220;url:https%3A%2F%2Fdanubecare.uns.ac.rs%2Fsr%2Fobjective%2F|title:Vidite%20cilj&#8220; text_font_size=&#8220;lg:16&#8243;][\/vc_column][\/vc_row][vc_row][vc_column][tm_spacer size=&#8220;xs:50;lg:100&#8243;][\/vc_column][\/vc_row][vc_row content_placement=&#8220;middle&#8220;][vc_column offset=&#8220;vc_col-lg-offset-1 vc_col-lg-5 vc_col-md-offset-1 vc_col-md-5&#8243;][tm_heading tag=&#8220;h2&#8243; custom_google_font=&#8220;&#8220; google_fonts=&#8220;font_family:Poppins%3A300%2Cregular%2C500%2C600%2C700|font_style:700%20bold%20regular%3A700%3Anormal&#8220; font_weight=&#8220;800&#8243; text_color=&#8220;custom&#8220; custom_text_color=&#8220;#11618f&#8220; animation=&#8220;none&#8220; text=&#8220;Ambicija&#8220; font_size=&#8220;md:36;lg:56&#8243; letter_spacing=&#8220;0&#8243; line_height=&#8220;1&#8243;][tm_spacer size=&#8220;lg:25&#8243;][vc_column_text]Projekat DANUBEcare se bavi aktuelnim problemom \u2013 prisustvom invazivne vrste bodljobradog raka F. limosus u reci Dunav i njenim \u0161tetnim uticajem na autohtone vrste rakova i biodiverzitet, za koji jo\u0161 uvek nema sistemskog re\u0161enja. Ambicija projekta je da se na najjednostavniji i ekolo\u0161ki najprihvatljiviji na\u010din pomogne u re\u0161avanju problema izazvanog ovom vrstom, razvijanjem novih prehrambenih proizvoda i hrane za \u017eivotinje sa komercijalnim potencijalom, kao i kori\u0161\u0107enjem lju\u0161ture raka u skladu sa konceptom \u201cZERO WASTE\u201d.[\/vc_column_text][tm_spacer size=&#8220;lg:25&#8243;][tm_button align=&#8220;right&#8220; animation=&#8220;none&#8220; color=&#8220;custom&#8220; button_bg_color=&#8220;primary&#8220; font_color=&#8220;custom&#8220; button_border_color=&#8220;primary&#8220; button_icon_color=&#8220;&#8220; button_bg_color_hover=&#8220;secondary&#8220; font_color_hover=&#8220;&#8220; button_border_color_hover=&#8220;secondary&#8220; button_icon_color_hover=&#8220;&#8220; button=&#8220;url:https%3A%2F%2Fdanubecare.uns.ac.rs%2Fsr%2Fambition%2F|title:Pro%C4%8Ditaj%20vi%C5%A1e&#8220; rounded=&#8220;30px&#8220; custom_font_color=&#8220;#ffffff&#8220; text_font_size=&#8220;lg:16&#8243;][\/vc_column][vc_column offset=&#8220;vc_col-lg-5 vc_col-md-5 vc_hidden-sm vc_hidden-xs&#8220;][tm_image align=&#8220;center&#8220; animation=&#8220;none&#8220; image=&#8220;4504&#8243;][\/vc_column][\/vc_row][vc_row][vc_column][tm_spacer size=&#8220;xs:50;lg:100&#8243;][\/vc_column][\/vc_row][vc_row content_placement=&#8220;middle&#8220;][vc_column offset=&#8220;vc_col-lg-offset-1 vc_col-lg-5 vc_col-md-offset-1 vc_col-md-5&#8243;][tm_image align=&#8220;center&#8220; animation=&#8220;none&#8220; image=&#8220;3268&#8243;][\/vc_column][vc_column offset=&#8220;vc_col-lg-5 vc_col-md-5&#8243;][tm_heading tag=&#8220;h2&#8243; custom_google_font=&#8220;&#8220; google_fonts=&#8220;font_family:Poppins%3A300%2Cregular%2C500%2C600%2C700|font_style:700%20bold%20regular%3A700%3Anormal&#8220; font_weight=&#8220;800&#8243; text_color=&#8220;custom&#8220; custom_text_color=&#8220;#11618f&#8220; animation=&#8220;none&#8220; text=&#8220;ZERO WASTE koncept&#8220; font_size=&#8220;md:36;lg:56&#8243; letter_spacing=&#8220;0&#8243; line_height=&#8220;1&#8243;][tm_spacer size=&#8220;lg:25&#8243;][vc_column_text]Projekat DANUBEcare usmeren je na sveobuhvatno i sistematsko prikupljanje podatka o rasprostranjenosti invazivne vrste bodljobradog raka u reci Dunav i primenu razli\u010ditih re\u0161enja u vidu eko-proizvoda za odr\u017eivu budu\u0107nost, sa ciljem da se spre\u010di gubitak biodiverziteta u reci Dunav.[\/vc_column_text][tm_spacer size=&#8220;lg:25&#8243;][\/vc_column][\/vc_row][vc_section full_width=&#8220;stretch_row&#8220; hide_background_image=&#8220;md&#8220; background_size=&#8220;auto&#8220; background_image=&#8220;3372&#8243; background_position=&#8220;right top&#8220;][vc_row][vc_column][tm_spacer size=&#8220;xs:50;sm:50;md:100;lg:330&#8243;][\/vc_column][\/vc_row][vc_row][vc_column offset=&#8220;vc_col-lg-offset-1 vc_col-lg-5 vc_col-md-offset-1 vc_col-md-5&#8243;][tm_heading tag=&#8220;h2&#8243; custom_google_font=&#8220;&#8220; google_fonts=&#8220;font_family:Poppins%3A300%2Cregular%2C500%2C600%2C700|font_style:700%20bold%20regular%3A700%3Anormal&#8220; font_weight=&#8220;800&#8243; text_color=&#8220;custom&#8220; custom_text_color=&#8220;#11618f&#8220; animation=&#8220;none&#8220; text=&#8220;DANUBEcare radni paketi&#8220; font_size=&#8220;md:36;lg:56&#8243; letter_spacing=&#8220;0&#8243; line_height=&#8220;1&#8243;][tm_spacer size=&#8220;lg:25&#8243;][\/vc_column][vc_column offset=&#8220;vc_col-lg-5 vc_col-md-5&#8243;][vc_column_text]Aktivnosti DANUBEcare projekta su podeljene u \u0161est radnih paketa (RP), od kojih je svaki prilago\u0111en specifi\u010dnim ciljevima projekta.[\/vc_column_text][tm_spacer size=&#8220;lg:25&#8243;][tm_button align=&#8220;right&#8220; animation=&#8220;none&#8220; el_class=&#8220;discover-now&#8220; color=&#8220;custom&#8220; button_bg_color=&#8220;primary&#8220; font_color=&#8220;custom&#8220; button_border_color=&#8220;primary&#8220; button_icon_color=&#8220;&#8220; button_bg_color_hover=&#8220;secondary&#8220; font_color_hover=&#8220;&#8220; button_border_color_hover=&#8220;secondary&#8220; button_icon_color_hover=&#8220;&#8220; button=&#8220;url:https%3A%2F%2Fdanubecare.uns.ac.rs%2Fsr%2Fwork-package%2F|title:Istra%C5%BEi%20vi%C5%A1e&#8220; rounded=&#8220;30px&#8220; custom_font_color=&#8220;#ffffff&#8220; text_font_size=&#8220;lg:16&#8243;][\/vc_column][\/vc_row][vc_row][vc_column][tm_spacer size=&#8220;xs:50;sm:50;md:75;lg:200&#8243;][\/vc_column][\/vc_row][\/vc_section]<\/p>\n","protected":false},"author":1,"featured_media":0,"parent":0,"menu_order":0,"comment_status":"closed","ping_status":"closed","template":"","meta":{"_acf_changed":false,"inline_featured_image":false,"footnotes":""},"class_list":["post-5790","page","type-page","status-publish","hentry"],"acf":[],"_links":{"self":[{"href":"https:\/\/danubecare.uns.ac.rs\/sr\/wp-json\/wp\/v2\/pages\/5790","targetHints":{"allow":["GET"]}}],"collection":[{"href":"https:\/\/danubecare.uns.ac.rs\/sr\/wp-json\/wp\/v2\/pages"}],"about":[{"href":"https:\/\/danubecare.uns.ac.rs\/sr\/wp-json\/wp\/v2\/types\/page"}],"author":[{"embeddable":true,"href":"https:\/\/danubecare.uns.ac.rs\/sr\/wp-json\/wp\/v2\/users\/1"}],"replies":[{"embeddable":true,"href":"https:\/\/danubecare.uns.ac.rs\/sr\/wp-json\/wp\/v2\/comments?post=5790"}],"version-history":[{"count":51,"href":"https:\/\/danubecare.uns.ac.rs\/sr\/wp-json\/wp\/v2\/pages\/5790\/revisions"}],"predecessor-version":[{"id":6323,"href":"https:\/\/danubecare.uns.ac.rs\/sr\/wp-json\/wp\/v2\/pages\/5790\/revisions\/6323"}],"wp:attachment":[{"href":"https:\/\/danubecare.uns.ac.rs\/sr\/wp-json\/wp\/v2\/media?parent=5790"}],"curies":[{"name":"wp","href":"https:\/\/api.w.org\/{rel}","templated":true}]}}